{"id":765,"date":"2022-07-26T10:41:43","date_gmt":"2022-07-26T10:41:43","guid":{"rendered":"http:\/\/logopaed.cz\/home\/?page_id=765"},"modified":"2023-02-09T08:03:54","modified_gmt":"2023-02-09T08:03:54","slug":"dokumenty-ke-stazeni","status":"publish","type":"page","link":"https:\/\/logopaed.cz\/home\/ms-mosnerova\/dokumenty-ke-stazeni\/","title":{"rendered":"Dokumenty ke sta\u017een\u00ed"},"content":{"rendered":"\n<p>Zde naleznete ve\u0161ker\u00e9 pot\u0159ebn\u00e9 dokumenty ke sta\u017een\u00ed.<\/p>\n\n\n\n<div class=\"wp-block-file\"><a href=\"https:\/\/logopaed.cz\/wp-content\/uploads\/2022\/07\/priloha_cestne_prohlaseni1.pdf\">priloha_cestne_prohlaseni1<\/a><a href=\"https:\/\/logopaed.cz\/wp-content\/uploads\/2022\/07\/priloha_cestne_prohlaseni1.pdf\" class=\"wp-block-file__button\" download>St\u00e1hnout<\/a><\/div>\n\n\n\n<div class=\"wp-block-file\"><a href=\"https:\/\/logopaed.cz\/wp-content\/uploads\/2022\/07\/DOTAZNIK.docx\">DOTAZN\u00cdK<\/a><a href=\"https:\/\/logopaed.cz\/wp-content\/uploads\/2022\/07\/DOTAZNIK.docx\" class=\"wp-block-file__button\" download>St\u00e1hnout<\/a><\/div>\n\n\n\n<div class=\"wp-block-file\"><a href=\"https:\/\/logopaed.cz\/wp-content\/uploads\/2022\/07\/ZADOST-O-PRIJETI-1.docx\">ZADOST-O-PRIJETI-1<\/a><a href=\"https:\/\/logopaed.cz\/wp-content\/uploads\/2022\/07\/ZADOST-O-PRIJETI-1.docx\" class=\"wp-block-file__button\" download>St\u00e1hnout<\/a><\/div>\n\n\n\n<div class=\"wp-block-file\"><a href=\"https:\/\/logopaed.cz\/wp-content\/uploads\/2022\/07\/Provoz-MS-do-konce-sk_-roku-2019-20-1.docx\">Provoz-MS-do-konce-sk_-roku-2019-20-1<\/a><a href=\"https:\/\/logopaed.cz\/wp-content\/uploads\/2022\/07\/Provoz-MS-do-konce-sk_-roku-2019-20-1.docx\" class=\"wp-block-file__button\" download>St\u00e1hnout<\/a><\/div>\n<div class=\"gsp_post_data\" data-post_type=\"page\" data-cat=\"\" data-modified=\"120\" data-title=\"Dokumenty ke sta\u017een\u00ed\" data-home=\"https:\/\/logopaed.cz\/home\"><\/div>","protected":false},"excerpt":{"rendered":"<p>Zde naleznete ve\u0161ker\u00e9 pot\u0159ebn\u00e9 dokumenty ke sta\u017een\u00ed.<\/p>\n","protected":false},"author":3,"featured_media":0,"parent":1375,"menu_order":0,"comment_status":"closed","ping_status":"closed","template":"","meta":[],"folder":[],"blog_post_layout_featured_media_urls":{"thumbnail":"","full":""},"categories_names":null,"comments_number":0,"_links":{"self":[{"href":"https:\/\/logopaed.cz\/home\/wp-json\/wp\/v2\/pages\/765"}],"collection":[{"href":"https:\/\/logopaed.cz\/home\/wp-json\/wp\/v2\/pages"}],"about":[{"href":"https:\/\/logopaed.cz\/home\/wp-json\/wp\/v2\/types\/page"}],"author":[{"embeddable":true,"href":"https:\/\/logopaed.cz\/home\/wp-json\/wp\/v2\/users\/3"}],"replies":[{"embeddable":true,"href":"https:\/\/logopaed.cz\/home\/wp-json\/wp\/v2\/comments?post=765"}],"version-history":[{"count":6,"href":"https:\/\/logopaed.cz\/home\/wp-json\/wp\/v2\/pages\/765\/revisions"}],"predecessor-version":[{"id":4200,"href":"https:\/\/logopaed.cz\/home\/wp-json\/wp\/v2\/pages\/765\/revisions\/4200"}],"up":[{"embeddable":true,"href":"https:\/\/logopaed.cz\/home\/wp-json\/wp\/v2\/pages\/1375"}],"wp:attachment":[{"href":"https:\/\/logopaed.cz\/home\/wp-json\/wp\/v2\/media?parent=765"}],"wp:term":[{"taxonomy":"folder","embeddable":true,"href":"https:\/\/logopaed.cz\/home\/wp-json\/wp\/v2\/folder?post=765"}],"curies":[{"name":"wp","href":"https:\/\/api.w.org\/{rel}","templated":true}]}}