{"id":763,"date":"2022-07-26T10:36:37","date_gmt":"2022-07-26T10:36:37","guid":{"rendered":"http:\/\/logopaed.cz\/home\/?page_id=763"},"modified":"2024-10-07T09:25:54","modified_gmt":"2024-10-07T09:25:54","slug":"kontakty","status":"publish","type":"page","link":"https:\/\/logopaed.cz\/home\/ms-mosnerova\/kontakty\/","title":{"rendered":"Kontakty"},"content":{"rendered":"\n<p><strong>Mate\u0159sk\u00e1 \u0161kola Mo\u0161nerova, Mo\u0161nerova 1,  779 00 Olomouc<\/strong><\/p>\n\n\n\n<p><strong>emai<\/strong>l<strong>: &nbsp;<\/strong>msmosnerova@logopaed.cz<\/p>\n\n\n\n<hr class=\"wp-block-separator has-alpha-channel-opacity is-style-wide\"\/>\n\n\n\n<div class=\"wp-block-columns is-layout-flex wp-container-5\">\n<div class=\"wp-block-column is-layout-flow\">\n<p><strong>telefon<\/strong><\/p>\n<\/div>\n\n\n\n<div class=\"wp-block-column is-layout-flow\">\n<p>vedouc\u00ed speci\u00e1ln\u00ed pedagog<\/p>\n<\/div>\n\n\n\n<div class=\"wp-block-column is-layout-flow\">\n<p>Mgr. Jana Kr\u00e1lov\u00e1<\/p>\n<\/div>\n\n\n\n<div class=\"wp-block-column is-layout-flow\">\n<p>702 002 876<\/p>\n<\/div>\n<\/div>\n\n\n\n<hr class=\"wp-block-separator has-alpha-channel-opacity is-style-wide\"\/>\n\n\n\n<p><strong>telefon \u0161koly:<\/strong> 585 411 730<\/p>\n\n\n\n<iframe src=\"https:\/\/www.google.com\/maps\/embed?pb=!1m18!1m12!1m3!1d1293.437644642649!2d17.232407017998014!3d49.58124134556031!2m3!1f0!2f0!3f0!3m2!1i1024!2i768!4f13.1!3m3!1m2!1s0x47124e45109f5423%3A0x9eb76d61404cbd3d!2zU3BlYy4gTWF0ZcWZc2vDoSDFoGtvbGEgUMWZaSBSZWhhYmlsaXRhxI1uw61tIFN0YWNpb27DocWZaQ!5e0!3m2!1scs!2scz!4v1662472279461!5m2!1scs!2scz\" width=\"600\" height=\"450\" style=\"border:0;\" allowfullscreen=\"\" loading=\"lazy\" referrerpolicy=\"no-referrer-when-downgrade\"><\/iframe>\n<div class=\"gsp_post_data\" data-post_type=\"page\" data-cat=\"\" data-modified=\"120\" data-title=\"Kontakty\" data-home=\"https:\/\/logopaed.cz\/home\"><\/div>","protected":false},"excerpt":{"rendered":"<p>Mate\u0159sk\u00e1 \u0161kola Mo\u0161nerova, Mo\u0161nerova 1, 779 00 Olomouc email: &nbsp;msmosnerova@logopaed.cz telefon vedouc\u00ed speci\u00e1ln\u00ed pedagog Mgr. Jana Kr\u00e1lov\u00e1 702 002 876 telefon \u0161koly: 585 411 730<\/p>\n","protected":false},"author":3,"featured_media":0,"parent":1375,"menu_order":0,"comment_status":"closed","ping_status":"closed","template":"","meta":[],"folder":[],"blog_post_layout_featured_media_urls":{"thumbnail":"","full":""},"categories_names":null,"comments_number":0,"_links":{"self":[{"href":"https:\/\/logopaed.cz\/home\/wp-json\/wp\/v2\/pages\/763"}],"collection":[{"href":"https:\/\/logopaed.cz\/home\/wp-json\/wp\/v2\/pages"}],"about":[{"href":"https:\/\/logopaed.cz\/home\/wp-json\/wp\/v2\/types\/page"}],"author":[{"embeddable":true,"href":"https:\/\/logopaed.cz\/home\/wp-json\/wp\/v2\/users\/3"}],"replies":[{"embeddable":true,"href":"https:\/\/logopaed.cz\/home\/wp-json\/wp\/v2\/comments?post=763"}],"version-history":[{"count":8,"href":"https:\/\/logopaed.cz\/home\/wp-json\/wp\/v2\/pages\/763\/revisions"}],"predecessor-version":[{"id":4393,"href":"https:\/\/logopaed.cz\/home\/wp-json\/wp\/v2\/pages\/763\/revisions\/4393"}],"up":[{"embeddable":true,"href":"https:\/\/logopaed.cz\/home\/wp-json\/wp\/v2\/pages\/1375"}],"wp:attachment":[{"href":"https:\/\/logopaed.cz\/home\/wp-json\/wp\/v2\/media?parent=763"}],"wp:term":[{"taxonomy":"folder","embeddable":true,"href":"https:\/\/logopaed.cz\/home\/wp-json\/wp\/v2\/folder?post=763"}],"curies":[{"name":"wp","href":"https:\/\/api.w.org\/{rel}","templated":true}]}}