{"id":761,"date":"2022-07-26T10:35:29","date_gmt":"2022-07-26T10:35:29","guid":{"rendered":"http:\/\/logopaed.cz\/home\/?page_id=761"},"modified":"2024-10-07T09:25:04","modified_gmt":"2024-10-07T09:25:04","slug":"spolek-rubikon-z-s","status":"publish","type":"page","link":"https:\/\/logopaed.cz\/home\/ms-mosnerova\/spolek-rubikon-z-s\/","title":{"rendered":"Spolek Rubikon z.s."},"content":{"rendered":"\n<p>Rubikon, z.s. sdru\u017euje rodi\u010de a p\u0159\u00e1tele d\u011bt\u00ed se zdravotn\u00edm posti\u017een\u00edm. C\u00edlem spolku je zastupovat z\u00e1jmy a pot\u0159eby d\u011bt\u00ed se zdravotn\u00edm posti\u017een\u00edm, kter\u00e9 nav\u0161t\u011bvuj\u00ed Mate\u0159skou \u0161kolu Mo\u0161nerovu.  K tomuto c\u00edli jsou zam\u011b\u0159eny v\u0161echny aktivity spolku. Spolek po\u0159\u00e1d\u00e1 \u0159adu akc\u00ed, do kter\u00fdch se zapojuj\u00ed nejen d\u011bti se zdravotn\u00edm posti\u017een\u00edm, z M\u0160, ale i d\u011bti zdrav\u00e9, \u010d\u00edm\u017e se napl\u0148uj\u00ed podm\u00ednky integrace d\u011bt\u00ed s handicapem do b\u011b\u017en\u00fdch aktivit.<\/p>\n\n\n\n<p>\u010cleny spolku se mohou st\u00e1t rodi\u010de, rodinn\u00ed p\u0159\u00edslu\u0161n\u00edci d\u011bt\u00ed, nav\u0161t\u011bvuj\u00edc\u00edch na\u0161e za\u0159\u00edzen\u00ed a tak\u00e9 v\u0161ichni ob\u010dan\u00e9 \u010cR, kte\u0159\u00ed projev\u00ed z\u00e1jem o \u010dinnost spolku.<\/p>\n\n\n\n<p>Spolek je \u0159\u00edzen v\u00fdborem sdru\u017een\u00ed, kter\u00fd zastupuje p\u0159edseda Mgr. Blanka Myna\u0159\u00edkov\u00e1.<\/p>\n\n\n\n<p>Spolek nevyb\u00edr\u00e1 \u010dlensk\u00e9 p\u0159\u00edsp\u011bvky, finan\u010dn\u00edmi zdroji jsou sponzorsk\u00e9 dary \u010dlen\u016f a p\u0159\u00e1tel sdru\u017een\u00ed, p\u0159\u00edpadn\u00e9 dotace, z\u00edskan\u00e9 na realizaci projekt\u016f.<\/p>\n\n\n\n<p>Prost\u0159edky spolku se vyu\u017e\u00edvaj\u00ed na kryt\u00ed akc\u00ed zam\u011b\u0159en\u00fdch na integraci d\u011bt\u00ed M\u0160 Mo\u0161nerova (muzikoterapie, canisterapie, ma\u0148\u00e1skov\u00e1 divadla, financov\u00e1n\u00ed autobusu na \u0161koln\u00ed v\u00fdlet, ob\u010derstven\u00ed a odm\u011bny p\u0159i odpoledn\u00edch akc\u00edch pro rodi\u010de s d\u011btmi&#8230;)<\/p>\n\n\n\n<p>Za finan\u010dn\u00ed podporu a jakoukoli pomoc p\u0159i po\u0159\u00e1d\u00e1n\u00ed akc\u00ed pro d\u011bti budeme velmi vd\u011b\u010dn\u00ed.<\/p>\n\n\n\n<p>\u010c\u00edslo \u00fa\u010dtu: <strong>3216273319\/ 0800<\/strong><\/p>\n<div class=\"gsp_post_data\" data-post_type=\"page\" data-cat=\"\" data-modified=\"120\" data-title=\"Spolek Rubikon z.s.\" data-home=\"https:\/\/logopaed.cz\/home\"><\/div>","protected":false},"excerpt":{"rendered":"<p>Rubikon, z.s. sdru\u017euje rodi\u010de a p\u0159\u00e1tele d\u011bt\u00ed se zdravotn\u00edm posti\u017een\u00edm. C\u00edlem spolku je zastupovat z\u00e1jmy a pot\u0159eby d\u011bt\u00ed se zdravotn\u00edm posti\u017een\u00edm, kter\u00e9 nav\u0161t\u011bvuj\u00ed Mate\u0159skou \u0161kolu Mo\u0161nerovu. K tomuto c\u00edli jsou zam\u011b\u0159eny v\u0161echny aktivity spolku. Spolek po\u0159\u00e1d\u00e1 \u0159adu akc\u00ed, do kter\u00fdch se zapojuj\u00ed nejen d\u011bti se zdravotn\u00edm posti\u017een\u00edm, z M\u0160, ale i d\u011bti zdrav\u00e9, \u010d\u00edm\u017e se napl\u0148uj\u00ed podm\u00ednky integrace d\u011bt\u00ed s handicapem do b\u011b\u017en\u00fdch aktivit. \u010cleny spolku se mohou st\u00e1t rodi\u010de, rodinn\u00ed p\u0159\u00edslu\u0161n\u00edci d\u011bt\u00ed, nav\u0161t\u011bvuj\u00edc\u00edch na\u0161e za\u0159\u00edzen\u00ed a tak\u00e9 v\u0161ichni ob\u010dan\u00e9 \u010cR, kte\u0159\u00ed projev\u00ed z\u00e1jem o [&hellip;]<\/p>\n","protected":false},"author":3,"featured_media":0,"parent":1375,"menu_order":0,"comment_status":"closed","ping_status":"closed","template":"","meta":[],"folder":[],"blog_post_layout_featured_media_urls":{"thumbnail":"","full":""},"categories_names":null,"comments_number":0,"_links":{"self":[{"href":"https:\/\/logopaed.cz\/home\/wp-json\/wp\/v2\/pages\/761"}],"collection":[{"href":"https:\/\/logopaed.cz\/home\/wp-json\/wp\/v2\/pages"}],"about":[{"href":"https:\/\/logopaed.cz\/home\/wp-json\/wp\/v2\/types\/page"}],"author":[{"embeddable":true,"href":"https:\/\/logopaed.cz\/home\/wp-json\/wp\/v2\/users\/3"}],"replies":[{"embeddable":true,"href":"https:\/\/logopaed.cz\/home\/wp-json\/wp\/v2\/comments?post=761"}],"version-history":[{"count":4,"href":"https:\/\/logopaed.cz\/home\/wp-json\/wp\/v2\/pages\/761\/revisions"}],"predecessor-version":[{"id":4392,"href":"https:\/\/logopaed.cz\/home\/wp-json\/wp\/v2\/pages\/761\/revisions\/4392"}],"up":[{"embeddable":true,"href":"https:\/\/logopaed.cz\/home\/wp-json\/wp\/v2\/pages\/1375"}],"wp:attachment":[{"href":"https:\/\/logopaed.cz\/home\/wp-json\/wp\/v2\/media?parent=761"}],"wp:term":[{"taxonomy":"folder","embeddable":true,"href":"https:\/\/logopaed.cz\/home\/wp-json\/wp\/v2\/folder?post=761"}],"curies":[{"name":"wp","href":"https:\/\/api.w.org\/{rel}","templated":true}]}}