{"id":630,"date":"2022-04-24T14:09:02","date_gmt":"2022-04-24T14:09:02","guid":{"rendered":"http:\/\/logopaed.cz\/home\/?page_id=630"},"modified":"2026-03-30T06:25:05","modified_gmt":"2026-03-30T06:25:05","slug":"ucast-na-projektech","status":"publish","type":"page","link":"https:\/\/logopaed.cz\/home\/zs-logopedicka\/ucast-na-projektech\/","title":{"rendered":"\u00da\u010dast na projektech"},"content":{"rendered":"\n<h2 class=\"wp-block-heading\"><strong>Rozvoj digit\u00e1ln\u00edch kompetenc\u00ed pedagog\u016f p\u0159i vzd\u011bl\u00e1v\u00e1n\u00ed \u017e\u00e1k\u016f se speci\u00e1ln\u00edmi vzd\u011bl\u00e1vac\u00edmi pot\u0159ebami, dou\u010dov\u00e1n\u00ed \u017e\u00e1k\u016f<\/strong><\/h2>\n\n\n\n<p>Na\u0161e \u0161kola je zapojena do projektu, jeho\u017e c\u00edlem je zv\u00fd\u0161it digit\u00e1ln\u00ed kompetence pedagog\u016f v pou\u017e\u00edv\u00e1n\u00ed informa\u010dn\u00edch technologi\u00ed a tak\u00e9 do projektu na podporu vzd\u011bl\u00e1v\u00e1n\u00ed \u017e\u00e1k\u016f ohro\u017een\u00fdch \u0161koln\u00edm ne\u00fasp\u011bchem.<\/p>\n\n\n\n<div class=\"wp-block-file\"><a id=\"wp-block-file--media-959af68b-a8f8-4862-928f-8dba20543a28\" href=\"http:\/\/logopaed.cz\/\/data\/web\/virtuals\/29463\/virtual\/www\/domains\/logopaed.online\/wp-content\/uploads\/2022\/04\/Doucovani.pdf\">Dou\u010dov\u00e1n\u00ed<\/a><a href=\"http:\/\/logopaed.cz\/\/data\/web\/virtuals\/29463\/virtual\/www\/domains\/logopaed.online\/wp-content\/uploads\/2022\/04\/Doucovani.pdf\" class=\"wp-block-file__button wp-element-button\" download aria-describedby=\"wp-block-file--media-959af68b-a8f8-4862-928f-8dba20543a28\">St\u00e1hnout<\/a><\/div>\n\n\n\n<div class=\"wp-block-file\"><a id=\"wp-block-file--media-0e15bf12-5ab8-4e7c-a68f-c5b2eedef0ee\" href=\"http:\/\/logopaed.cz\/\/data\/web\/virtuals\/29463\/virtual\/www\/domains\/logopaed.online\/wp-content\/uploads\/2022\/04\/rozvoj.pdf\">Rozvoj<\/a><a href=\"http:\/\/logopaed.cz\/\/data\/web\/virtuals\/29463\/virtual\/www\/domains\/logopaed.online\/wp-content\/uploads\/2022\/04\/rozvoj.pdf\" class=\"wp-block-file__button wp-element-button\" download aria-describedby=\"wp-block-file--media-0e15bf12-5ab8-4e7c-a68f-c5b2eedef0ee\">St\u00e1hnout<\/a><\/div>\n\n\n\n<h2 class=\"wp-block-heading\"><strong>M\u00edstn\u00ed ak\u010dn\u00ed pl\u00e1n<\/strong><\/h2>\n\n\n\n<p>\u201eNa\u0161e \u0161kola je zapojena do projektu M\u00edstn\u00edho ak\u010dn\u00edho pl\u00e1nov\u00e1n\u00ed v Olomouci. Projekt&nbsp;je zam\u011b\u0159en na p\u0159ed\u0161koln\u00ed a z\u00e1kladn\u00ed vzd\u011bl\u00e1v\u00e1n\u00ed.&nbsp;C\u00edlem je zlep\u0161it kvalitu vzd\u011bl\u00e1v\u00e1n\u00ed v mate\u0159sk\u00fdch a z\u00e1kladn\u00edch \u0161kol\u00e1ch, pos\u00edlit komunikaci a spolupr\u00e1ci mezi u\u010diteli navz\u00e1jem, mezi z\u0159izovateli, z\u00e1stupci \u0161kol a rodi\u010di. Na\u0161e \u0161kola\/\u0161kolka se bude moci zapojovat do aktivit na podporu \u010dten\u00e1\u0159sk\u00e9 a matematick\u00e9 pre\/gramotnosti, aktivit na podporu zru\u010dnosti a kreativity a \u010derpat teoretick\u00e9 i praktick\u00e9 informace k inkluzi ve v\u0161ech jej\u00edch podob\u00e1ch. V\u00edce informac\u00ed o projektu najdete na webu&nbsp;<a href=\"http:\/\/map.olomouc.eu\/\"><strong>http:\/\/map.olomouc.eu\/<\/strong><\/a>. Pro neform\u00e1ln\u00ed diskuzi o \u0161kolstv\u00ed a vzd\u011bl\u00e1v\u00e1n\u00ed mezi rodi\u010di, u\u010diteli a dal\u0161\u00edmi akt\u00e9ry z Olomouce jsou ur\u010deny Facebookov\u00e9 str\u00e1nky (MAP Olomouc).\u201c<\/p>\n\n\n\n<div class=\"wp-block-columns is-layout-flex wp-container-2\">\n<div class=\"wp-block-column is-layout-flow\"><div class=\"wp-block-image\">\n<figure class=\"aligncenter size-full\"><img decoding=\"async\" loading=\"lazy\" width=\"100\" height=\"58\" src=\"http:\/\/logopaed.cz\/wp-content\/uploads\/2022\/09\/map_logo-2022.png\" alt=\"\" class=\"wp-image-1426\"\/><\/figure><\/div>\n\n<div class=\"wp-block-image\">\n<figure class=\"aligncenter size-full\"><img decoding=\"async\" loading=\"lazy\" width=\"374\" height=\"83\" src=\"http:\/\/logopaed.cz\/wp-content\/uploads\/2022\/09\/EU-1.jpg\" alt=\"\" class=\"wp-image-1429\" srcset=\"https:\/\/logopaed.cz\/wp-content\/uploads\/2022\/09\/EU-1.jpg 374w, https:\/\/logopaed.cz\/wp-content\/uploads\/2022\/09\/EU-1-300x67.jpg 300w\" sizes=\"(max-width: 374px) 100vw, 374px\" \/><\/figure><\/div><\/div>\n<\/div>\n\n\n\n<h2 class=\"wp-block-heading\"><strong>Implementace KAP<\/strong><\/h2>\n\n\n\n<div class=\"wp-block-columns is-layout-flex wp-container-5\">\n<div class=\"wp-block-column is-layout-flow\">\n<figure class=\"wp-block-image size-large\"><a href=\"https:\/\/ikap.cz\/\"><img decoding=\"async\" loading=\"lazy\" width=\"1024\" height=\"505\" src=\"http:\/\/logopaed.cz\/wp-content\/uploads\/2022\/09\/IKAP_lobo_barva-1-1024x505.jpeg\" alt=\"\" class=\"wp-image-1418\" srcset=\"https:\/\/logopaed.cz\/wp-content\/uploads\/2022\/09\/IKAP_lobo_barva-1-1024x505.jpeg 1024w, https:\/\/logopaed.cz\/wp-content\/uploads\/2022\/09\/IKAP_lobo_barva-1-300x148.jpeg 300w, https:\/\/logopaed.cz\/wp-content\/uploads\/2022\/09\/IKAP_lobo_barva-1-768x379.jpeg 768w, https:\/\/logopaed.cz\/wp-content\/uploads\/2022\/09\/IKAP_lobo_barva-1-1536x757.jpeg 1536w, https:\/\/logopaed.cz\/wp-content\/uploads\/2022\/09\/IKAP_lobo_barva-1.jpeg 1968w\" sizes=\"(max-width: 1024px) 100vw, 1024px\" \/><\/a><\/figure>\n<\/div>\n\n\n\n<div class=\"wp-block-column is-layout-flow\">\n<figure class=\"wp-block-image size-full\"><a href=\"https:\/\/ikap.cz\/\"><img decoding=\"async\" loading=\"lazy\" width=\"480\" height=\"320\" src=\"http:\/\/logopaed.cz\/wp-content\/uploads\/2022\/09\/banner-480x320-nase-skola.jpeg\" alt=\"\" class=\"wp-image-1387\" srcset=\"https:\/\/logopaed.cz\/wp-content\/uploads\/2022\/09\/banner-480x320-nase-skola.jpeg 480w, https:\/\/logopaed.cz\/wp-content\/uploads\/2022\/09\/banner-480x320-nase-skola-300x200.jpeg 300w\" sizes=\"(max-width: 480px) 100vw, 480px\" \/><\/a><\/figure>\n<\/div>\n<\/div>\n\n\n\n<h2 class=\"wp-block-heading\"><strong><strong>Inovace ve vzd\u011bl\u00e1v\u00e1n\u00ed v&nbsp;kontextu digitalizace<\/strong><\/strong><\/h2>\n\n\n\n<figure class=\"wp-block-image size-large is-resized\"><img decoding=\"async\" loading=\"lazy\" src=\"https:\/\/logopaed.cz\/wp-content\/uploads\/2024\/03\/1-724x1024.jpg\" alt=\"\" class=\"wp-image-3766\" width=\"936\" height=\"1324\" srcset=\"https:\/\/logopaed.cz\/wp-content\/uploads\/2024\/03\/1-724x1024.jpg 724w, https:\/\/logopaed.cz\/wp-content\/uploads\/2024\/03\/1-212x300.jpg 212w, https:\/\/logopaed.cz\/wp-content\/uploads\/2024\/03\/1-768x1086.jpg 768w, https:\/\/logopaed.cz\/wp-content\/uploads\/2024\/03\/1-1086x1536.jpg 1086w, https:\/\/logopaed.cz\/wp-content\/uploads\/2024\/03\/1.jpg 1241w\" sizes=\"(max-width: 936px) 100vw, 936px\" \/><\/figure>\n\n\n\n<figure class=\"wp-block-image size-large is-resized\"><img decoding=\"async\" loading=\"lazy\" src=\"https:\/\/logopaed.cz\/wp-content\/uploads\/2024\/03\/2-725x1024.jpg\" alt=\"\" class=\"wp-image-3767\" width=\"932\" height=\"1316\" srcset=\"https:\/\/logopaed.cz\/wp-content\/uploads\/2024\/03\/2-725x1024.jpg 725w, https:\/\/logopaed.cz\/wp-content\/uploads\/2024\/03\/2-212x300.jpg 212w, https:\/\/logopaed.cz\/wp-content\/uploads\/2024\/03\/2-768x1085.jpg 768w, https:\/\/logopaed.cz\/wp-content\/uploads\/2024\/03\/2-1087x1536.jpg 1087w, https:\/\/logopaed.cz\/wp-content\/uploads\/2024\/03\/2.jpg 1241w\" sizes=\"(max-width: 932px) 100vw, 932px\" \/><\/figure>\n\n\n\n<figure class=\"wp-block-image size-large is-resized\"><img decoding=\"async\" loading=\"lazy\" src=\"https:\/\/logopaed.cz\/wp-content\/uploads\/2024\/03\/3-724x1024.jpg\" alt=\"\" class=\"wp-image-3768\" width=\"932\" height=\"1318\" srcset=\"https:\/\/logopaed.cz\/wp-content\/uploads\/2024\/03\/3-724x1024.jpg 724w, https:\/\/logopaed.cz\/wp-content\/uploads\/2024\/03\/3-212x300.jpg 212w, https:\/\/logopaed.cz\/wp-content\/uploads\/2024\/03\/3-768x1086.jpg 768w, https:\/\/logopaed.cz\/wp-content\/uploads\/2024\/03\/3-1086x1536.jpg 1086w, https:\/\/logopaed.cz\/wp-content\/uploads\/2024\/03\/3.jpg 1241w\" sizes=\"(max-width: 932px) 100vw, 932px\" \/><\/figure>\n\n\n\n<figure class=\"wp-block-image size-large is-resized\"><img decoding=\"async\" loading=\"lazy\" src=\"https:\/\/logopaed.cz\/wp-content\/uploads\/2024\/03\/4-724x1024.jpg\" alt=\"\" class=\"wp-image-3769\" width=\"935\" height=\"1322\" srcset=\"https:\/\/logopaed.cz\/wp-content\/uploads\/2024\/03\/4-724x1024.jpg 724w, https:\/\/logopaed.cz\/wp-content\/uploads\/2024\/03\/4-212x300.jpg 212w, https:\/\/logopaed.cz\/wp-content\/uploads\/2024\/03\/4-768x1086.jpg 768w, https:\/\/logopaed.cz\/wp-content\/uploads\/2024\/03\/4-1086x1536.jpg 1086w, https:\/\/logopaed.cz\/wp-content\/uploads\/2024\/03\/4.jpg 1241w\" sizes=\"(max-width: 935px) 100vw, 935px\" \/><\/figure>\n\n\n\n<h2 class=\"wp-block-heading\"><h1 class=\"mb-4 text-3xl font-bold\" style=\"box-sizing: border-box; border-width: 0px; border-color: rgb(229, 231, 235); --tw-border-spacing-x: 0; --tw-border-spacing-y: 0; --tw-translate-x: 0; --tw-translate-y: 0; --tw-rotate: 0; --tw-skew-x: 0; --tw-skew-y: 0; --tw-scale-x: 1; --tw-scale-y: 1; --tw-pan-x: ; --tw-pan-y: ; --tw-pinch-zoom: ; --tw-scroll-snap-strictness: proximity; --tw-gradient-from-position: ; --tw-gradient-via-position: ; --tw-gradient-to-position: ; --tw-ordinal: ; --tw-slashed-zero: ; --tw-numeric-figure: ; --tw-numeric-spacing: ; --tw-numeric-fraction: ; --tw-ring-inset: ; --tw-ring-offset-width: 0px; --tw-ring-offset-color: #fff; --tw-ring-color: rgb(59 130 246 \/ .5); --tw-ring-offset-shadow: 0 0 #0000; --tw-ring-shadow: 0 0 #0000; --tw-shadow: 0 0 #0000; --tw-shadow-colored: 0 0 #0000; --tw-blur: ; --tw-brightness: ; --tw-contrast: ; --tw-grayscale: ; --tw-hue-rotate: ; --tw-invert: ; --tw-saturate: ; --tw-sepia: ; --tw-drop-shadow: ; --tw-backdrop-blur: ; --tw-backdrop-brightness: ; --tw-backdrop-contrast: ; --tw-backdrop-grayscale: ; --tw-backdrop-hue-rotate: ; --tw-backdrop-invert: ; --tw-backdrop-opacity: ; --tw-backdrop-saturate: ; --tw-backdrop-sepia: ; font-size: 1.875rem; font-weight: 700; margin-top: 0px; margin-bottom: 1rem; font-family: &quot;Rethink Sans&quot;, sans-serif; --tw-text-opacity: 1; color: rgb(17, 24, 39); line-height: 2.25rem; white-space-collapse: collapse;\">Implementace dlouhodob\u00e9ho z\u00e1m\u011bru v Olomouck\u00e9m kraji (IDZ)<\/h1><\/h2>\n\n\n\n<div class=\"wp-block-file\"><a id=\"wp-block-file--media-ac2a293f-31a5-4ae0-a354-fd136fd0a0b6\" href=\"https:\/\/logopaed.cz\/wp-content\/uploads\/2026\/03\/2024_31_10KA2.12.3_Newlsetter1MOCKP06.pdf\">2024_31_10KA2.12.3_Newlsetter1MOCKP06<\/a><a href=\"https:\/\/logopaed.cz\/wp-content\/uploads\/2026\/03\/2024_31_10KA2.12.3_Newlsetter1MOCKP06.pdf\" class=\"wp-block-file__button wp-element-button\" download aria-describedby=\"wp-block-file--media-ac2a293f-31a5-4ae0-a354-fd136fd0a0b6\">St\u00e1hnout<\/a><\/div>\n\n\n\n<div class=\"wp-block-file\"><a id=\"wp-block-file--media-4063df46-0984-498b-97ac-5289ea14339f\" href=\"https:\/\/logopaed.cz\/wp-content\/uploads\/2026\/03\/2025-01-22-KA2.12.3_Newsletter2_CKP06.pdf\">2025-01-22-KA2.12.3_Newsletter2_CKP06<\/a><a href=\"https:\/\/logopaed.cz\/wp-content\/uploads\/2026\/03\/2025-01-22-KA2.12.3_Newsletter2_CKP06.pdf\" class=\"wp-block-file__button wp-element-button\" download aria-describedby=\"wp-block-file--media-4063df46-0984-498b-97ac-5289ea14339f\">St\u00e1hnout<\/a><\/div>\n\n\n\n<div class=\"wp-block-file\"><a id=\"wp-block-file--media-9e9a3975-e58b-414c-99fa-9dcd01762407\" href=\"https:\/\/logopaed.cz\/wp-content\/uploads\/2026\/03\/2025-10-01-KA2.12.3_Newsletter1_CKP06.pdf\">2025-10-01-KA2.12.3_Newsletter1_CKP06<\/a><a href=\"https:\/\/logopaed.cz\/wp-content\/uploads\/2026\/03\/2025-10-01-KA2.12.3_Newsletter1_CKP06.pdf\" class=\"wp-block-file__button wp-element-button\" download aria-describedby=\"wp-block-file--media-9e9a3975-e58b-414c-99fa-9dcd01762407\">St\u00e1hnout<\/a><\/div>\n\n\n\n<div class=\"wp-block-file\"><a id=\"wp-block-file--media-12803e14-f025-4623-acea-47c3ff93b842\" href=\"https:\/\/logopaed.cz\/wp-content\/uploads\/2026\/03\/2026-01-02-KA2.12.3_Newsletter4_CKP06.pdf\">2026-01-02-KA2.12.3_Newsletter4_CKP06<\/a><a href=\"https:\/\/logopaed.cz\/wp-content\/uploads\/2026\/03\/2026-01-02-KA2.12.3_Newsletter4_CKP06.pdf\" class=\"wp-block-file__button wp-element-button\" download aria-describedby=\"wp-block-file--media-12803e14-f025-4623-acea-47c3ff93b842\">St\u00e1hnout<\/a><\/div>\n<div class=\"gsp_post_data\" data-post_type=\"page\" data-cat=\"\" data-modified=\"120\" data-title=\"\u00da\u010dast na projektech\" data-home=\"https:\/\/logopaed.cz\/home\"><\/div>","protected":false},"excerpt":{"rendered":"<p>Rozvoj digit\u00e1ln\u00edch kompetenc\u00ed pedagog\u016f p\u0159i vzd\u011bl\u00e1v\u00e1n\u00ed \u017e\u00e1k\u016f se speci\u00e1ln\u00edmi vzd\u011bl\u00e1vac\u00edmi pot\u0159ebami, dou\u010dov\u00e1n\u00ed \u017e\u00e1k\u016f Na\u0161e \u0161kola je zapojena do projektu, jeho\u017e c\u00edlem je zv\u00fd\u0161it digit\u00e1ln\u00ed kompetence pedagog\u016f v pou\u017e\u00edv\u00e1n\u00ed informa\u010dn\u00edch technologi\u00ed a tak\u00e9 do projektu na podporu vzd\u011bl\u00e1v\u00e1n\u00ed \u017e\u00e1k\u016f ohro\u017een\u00fdch \u0161koln\u00edm ne\u00fasp\u011bchem. M\u00edstn\u00ed ak\u010dn\u00ed pl\u00e1n \u201eNa\u0161e \u0161kola je zapojena do projektu M\u00edstn\u00edho ak\u010dn\u00edho pl\u00e1nov\u00e1n\u00ed v Olomouci. Projekt&nbsp;je zam\u011b\u0159en na p\u0159ed\u0161koln\u00ed a z\u00e1kladn\u00ed vzd\u011bl\u00e1v\u00e1n\u00ed.&nbsp;C\u00edlem je zlep\u0161it kvalitu vzd\u011bl\u00e1v\u00e1n\u00ed v mate\u0159sk\u00fdch a z\u00e1kladn\u00edch \u0161kol\u00e1ch, pos\u00edlit komunikaci a spolupr\u00e1ci mezi u\u010diteli navz\u00e1jem, mezi z\u0159izovateli, z\u00e1stupci \u0161kol a rodi\u010di. Na\u0161e [&hellip;]<\/p>\n","protected":false},"author":3,"featured_media":0,"parent":17,"menu_order":7,"comment_status":"closed","ping_status":"closed","template":"","meta":[],"folder":[],"blog_post_layout_featured_media_urls":{"thumbnail":"","full":""},"categories_names":null,"comments_number":0,"_links":{"self":[{"href":"https:\/\/logopaed.cz\/home\/wp-json\/wp\/v2\/pages\/630"}],"collection":[{"href":"https:\/\/logopaed.cz\/home\/wp-json\/wp\/v2\/pages"}],"about":[{"href":"https:\/\/logopaed.cz\/home\/wp-json\/wp\/v2\/types\/page"}],"author":[{"embeddable":true,"href":"https:\/\/logopaed.cz\/home\/wp-json\/wp\/v2\/users\/3"}],"replies":[{"embeddable":true,"href":"https:\/\/logopaed.cz\/home\/wp-json\/wp\/v2\/comments?post=630"}],"version-history":[{"count":17,"href":"https:\/\/logopaed.cz\/home\/wp-json\/wp\/v2\/pages\/630\/revisions"}],"predecessor-version":[{"id":6479,"href":"https:\/\/logopaed.cz\/home\/wp-json\/wp\/v2\/pages\/630\/revisions\/6479"}],"up":[{"embeddable":true,"href":"https:\/\/logopaed.cz\/home\/wp-json\/wp\/v2\/pages\/17"}],"wp:attachment":[{"href":"https:\/\/logopaed.cz\/home\/wp-json\/wp\/v2\/media?parent=630"}],"wp:term":[{"taxonomy":"folder","embeddable":true,"href":"https:\/\/logopaed.cz\/home\/wp-json\/wp\/v2\/folder?post=630"}],"curies":[{"name":"wp","href":"https:\/\/api.w.org\/{rel}","templated":true}]}}