{"id":614,"date":"2022-04-24T13:40:53","date_gmt":"2022-04-24T13:40:53","guid":{"rendered":"http:\/\/logopaed.cz\/home\/?page_id=614"},"modified":"2026-04-22T06:41:02","modified_gmt":"2026-04-22T06:41:02","slug":"zadost-o-uvolneni","status":"publish","type":"page","link":"https:\/\/logopaed.cz\/home\/zs-logopedicka\/zadost-o-uvolneni\/","title":{"rendered":"Formul\u00e1\u0159e"},"content":{"rendered":"\n<p><strong><strong>\u017d\u00e1dost o uvoln\u011bn\u00ed:<\/strong><\/strong><\/p>\n\n\n\n<div class=\"wp-block-file\"><a id=\"wp-block-file--media-97a501dc-9301-4c4c-b079-7dd5cfffdef1\" href=\"https:\/\/logopaed.cz\/wp-content\/uploads\/2022\/04\/zadost-o-uvolneni-formular.docx\">\u017e\u00e1dost o uvoln\u011bn\u00ed &#8211; formul\u00e1\u0159<\/a><a href=\"https:\/\/logopaed.cz\/wp-content\/uploads\/2022\/04\/zadost-o-uvolneni-formular.docx\" class=\"wp-block-file__button wp-element-button\" download aria-describedby=\"wp-block-file--media-97a501dc-9301-4c4c-b079-7dd5cfffdef1\">St\u00e1hnout<\/a><\/div>\n\n\n\n<div class=\"wp-block-file\"><a id=\"wp-block-file--media-6edb933c-1534-4437-b4f5-8a131c459f3d\" href=\"https:\/\/logopaed.cz\/wp-content\/uploads\/2026\/04\/ZADOST-O-ZMENU-OSOBNICH-UDAJU-ZSL.docx\">ZADOST-O-ZMENU-OSOBNICH-UDAJU-ZSL<\/a><a href=\"https:\/\/logopaed.cz\/wp-content\/uploads\/2026\/04\/ZADOST-O-ZMENU-OSOBNICH-UDAJU-ZSL.docx\" class=\"wp-block-file__button wp-element-button\" download aria-describedby=\"wp-block-file--media-6edb933c-1534-4437-b4f5-8a131c459f3d\">St\u00e1hnout<\/a><\/div>\n<div class=\"gsp_post_data\" data-post_type=\"page\" data-cat=\"\" data-modified=\"120\" data-title=\"Formul\u00e1\u0159e\" data-home=\"https:\/\/logopaed.cz\/home\"><\/div>","protected":false},"excerpt":{"rendered":"<p>\u017d\u00e1dost o uvoln\u011bn\u00ed:<\/p>\n","protected":false},"author":3,"featured_media":0,"parent":17,"menu_order":9,"comment_status":"closed","ping_status":"closed","template":"","meta":[],"folder":[],"blog_post_layout_featured_media_urls":{"thumbnail":"","full":""},"categories_names":null,"comments_number":0,"_links":{"self":[{"href":"https:\/\/logopaed.cz\/home\/wp-json\/wp\/v2\/pages\/614"}],"collection":[{"href":"https:\/\/logopaed.cz\/home\/wp-json\/wp\/v2\/pages"}],"about":[{"href":"https:\/\/logopaed.cz\/home\/wp-json\/wp\/v2\/types\/page"}],"author":[{"embeddable":true,"href":"https:\/\/logopaed.cz\/home\/wp-json\/wp\/v2\/users\/3"}],"replies":[{"embeddable":true,"href":"https:\/\/logopaed.cz\/home\/wp-json\/wp\/v2\/comments?post=614"}],"version-history":[{"count":10,"href":"https:\/\/logopaed.cz\/home\/wp-json\/wp\/v2\/pages\/614\/revisions"}],"predecessor-version":[{"id":6631,"href":"https:\/\/logopaed.cz\/home\/wp-json\/wp\/v2\/pages\/614\/revisions\/6631"}],"up":[{"embeddable":true,"href":"https:\/\/logopaed.cz\/home\/wp-json\/wp\/v2\/pages\/17"}],"wp:attachment":[{"href":"https:\/\/logopaed.cz\/home\/wp-json\/wp\/v2\/media?parent=614"}],"wp:term":[{"taxonomy":"folder","embeddable":true,"href":"https:\/\/logopaed.cz\/home\/wp-json\/wp\/v2\/folder?post=614"}],"curies":[{"name":"wp","href":"https:\/\/api.w.org\/{rel}","templated":true}]}}