{"id":603,"date":"2022-04-24T13:30:16","date_gmt":"2022-04-24T13:30:16","guid":{"rendered":"http:\/\/logopaed.cz\/home\/?page_id=603"},"modified":"2024-02-22T08:55:20","modified_gmt":"2024-02-22T08:55:20","slug":"skolne","status":"publish","type":"page","link":"https:\/\/logopaed.cz\/home\/zs-logopedicka\/skolne\/","title":{"rendered":"Dokumenty"},"content":{"rendered":"\n<h2 class=\"wp-block-heading\">\u0160koln\u00ed pot\u0159eby<\/h2>\n\n\n\n<div class=\"wp-block-file\"><a id=\"wp-block-file--media-a1c9c037-a6da-47d4-b7b3-17e7a6e15db1\" href=\"https:\/\/logopaed.cz\/wp-content\/uploads\/2023\/06\/skolni-pomucky-komplet-2023.docx\">skolni-pomucky-komplet-2023<\/a><a href=\"https:\/\/logopaed.cz\/wp-content\/uploads\/2023\/06\/skolni-pomucky-komplet-2023.docx\" class=\"wp-block-file__button wp-element-button\" download aria-describedby=\"wp-block-file--media-a1c9c037-a6da-47d4-b7b3-17e7a6e15db1\">St\u00e1hnout<\/a><\/div>\n\n\n\n<div class=\"wp-block-file\"><a id=\"wp-block-file--media-0b8bf6e4-ba1a-41d2-acae-75fd37f6adf2\" href=\"https:\/\/logopaed.cz\/wp-content\/uploads\/2024\/02\/kriteria-prijeti-2024-1.pdf\">kriteria-prijeti-2024-1<\/a><a href=\"https:\/\/logopaed.cz\/wp-content\/uploads\/2024\/02\/kriteria-prijeti-2024-1.pdf\" class=\"wp-block-file__button wp-element-button\" download aria-describedby=\"wp-block-file--media-0b8bf6e4-ba1a-41d2-acae-75fd37f6adf2\">St\u00e1hnout<\/a><\/div>\n<div class=\"gsp_post_data\" data-post_type=\"page\" data-cat=\"\" data-modified=\"120\" data-title=\"Dokumenty\" data-home=\"https:\/\/logopaed.cz\/home\"><\/div>","protected":false},"excerpt":{"rendered":"<p>\u0160koln\u00ed pot\u0159eby<\/p>\n","protected":false},"author":3,"featured_media":0,"parent":17,"menu_order":11,"comment_status":"closed","ping_status":"closed","template":"","meta":[],"folder":[],"blog_post_layout_featured_media_urls":{"thumbnail":"","full":""},"categories_names":null,"comments_number":0,"_links":{"self":[{"href":"https:\/\/logopaed.cz\/home\/wp-json\/wp\/v2\/pages\/603"}],"collection":[{"href":"https:\/\/logopaed.cz\/home\/wp-json\/wp\/v2\/pages"}],"about":[{"href":"https:\/\/logopaed.cz\/home\/wp-json\/wp\/v2\/types\/page"}],"author":[{"embeddable":true,"href":"https:\/\/logopaed.cz\/home\/wp-json\/wp\/v2\/users\/3"}],"replies":[{"embeddable":true,"href":"https:\/\/logopaed.cz\/home\/wp-json\/wp\/v2\/comments?post=603"}],"version-history":[{"count":13,"href":"https:\/\/logopaed.cz\/home\/wp-json\/wp\/v2\/pages\/603\/revisions"}],"predecessor-version":[{"id":3695,"href":"https:\/\/logopaed.cz\/home\/wp-json\/wp\/v2\/pages\/603\/revisions\/3695"}],"up":[{"embeddable":true,"href":"https:\/\/logopaed.cz\/home\/wp-json\/wp\/v2\/pages\/17"}],"wp:attachment":[{"href":"https:\/\/logopaed.cz\/home\/wp-json\/wp\/v2\/media?parent=603"}],"wp:term":[{"taxonomy":"folder","embeddable":true,"href":"https:\/\/logopaed.cz\/home\/wp-json\/wp\/v2\/folder?post=603"}],"curies":[{"name":"wp","href":"https:\/\/api.w.org\/{rel}","templated":true}]}}