{"id":3702,"date":"2024-02-23T08:03:37","date_gmt":"2024-02-23T08:03:37","guid":{"rendered":"https:\/\/logopaed.cz\/home\/?page_id=3702"},"modified":"2025-02-14T08:48:18","modified_gmt":"2025-02-14T08:48:18","slug":"uredni-deska","status":"publish","type":"page","link":"https:\/\/logopaed.cz\/home\/uredni-deska\/","title":{"rendered":"\u00da\u0159edn\u00ed deska"},"content":{"rendered":"\n<h3 class=\"wp-block-heading\">Z\u00e1kladn\u00ed informace<\/h3>\n\n\n\n<figure class=\"wp-block-table\"><table><tbody><tr><td><strong>N\u00e1zev<\/strong><\/td><td>Z\u00e1kladn\u00ed \u0161kola a Mate\u0159sk\u00e1 \u0161kola logopedick\u00e1 Olomouc<\/td><\/tr><tr><td><strong>S\u00eddlo<\/strong><\/td><td>t\u0159\u00edda Svornosti 900\/37, 779&nbsp;00 Olomouc<\/td><\/tr><tr><td><strong>I\u010cO<\/strong><\/td><td>00601683<\/td><\/tr><tr><td><strong>Redizo<\/strong><\/td><td>600026663<\/td><\/tr><tr><td><strong>E-mail<\/strong><\/td><td><a href=\"mailto:skola@logopaed.cz\">skola@logopaed.cz<\/a><\/td><\/tr><tr><td><strong>\u010c\u00edslo datov\u00e9 schr\u00e1nky<\/strong><\/td><td><strong>vz4fdwq<\/strong><\/td><\/tr><\/tbody><\/table><\/figure>\n\n\n\n<p><a href=\"https:\/\/logopaed.cz\/wp-content\/uploads\/2024\/05\/Organizacni-schema-st.-rizeni-1.1.2024.pptx\" data-type=\"URL\" data-id=\"https:\/\/logopaed.cz\/wp-content\/uploads\/2024\/05\/Organizacni-schema-st.-rizeni-1.1.2024.pptx\" target=\"_blank\" rel=\"noreferrer noopener\">Organiza\u010dn\u00ed struktura<\/a><\/p>\n\n\n\n<div class=\"wp-block-file\"><a id=\"wp-block-file--media-42975452-45fc-4518-a029-4fab263a4f6b\" href=\"https:\/\/logopaed.cz\/wp-content\/uploads\/2024\/10\/Organizacni-schema.pptx\">Organizacni-schema<\/a><a href=\"https:\/\/logopaed.cz\/wp-content\/uploads\/2024\/10\/Organizacni-schema.pptx\" class=\"wp-block-file__button wp-element-button\" download aria-describedby=\"wp-block-file--media-42975452-45fc-4518-a029-4fab263a4f6b\">St\u00e1hnout<\/a><\/div>\n\n\n\n<p>Krit\u00e9ria p\u0159ij\u00edmac\u00edho \u0159\u00edzen\u00ed pro \u0161koln\u00ed rok 2024-2025<\/p>\n\n\n\n<p><a href=\"https:\/\/logopaed.cz\/home\/ochrana-osobnich-udaju\/\">Prohl\u00e1\u0161en\u00ed o zaveden\u00ed sm\u011brnice EU o whistleblowingu<\/a><\/p>\n\n\n\n<p><a href=\"https:\/\/logopaed.cz\/home\/ochrana-osobnich-udaju\/\">Pov\u011b\u0159enec -GDPR<\/a><\/p>\n\n\n\n<div class=\"wp-block-file\"><a id=\"wp-block-file--media-e7175845-bf31-414f-adf9-a97143c09049\" href=\"https:\/\/logopaed.cz\/wp-content\/uploads\/2024\/05\/Schvaleny-rozpocet-na-rok-2024-a-strednedobe-vyhledy-na-obdobi-2025-2026-1.pdf\">Schv\u00e1len\u00fd rozpo\u010det pro rok 2024<\/a><a href=\"https:\/\/logopaed.cz\/wp-content\/uploads\/2024\/05\/Schvaleny-rozpocet-na-rok-2024-a-strednedobe-vyhledy-na-obdobi-2025-2026-1.pdf\" class=\"wp-block-file__button wp-element-button\" download aria-describedby=\"wp-block-file--media-e7175845-bf31-414f-adf9-a97143c09049\">St\u00e1hnout<\/a><\/div>\n\n\n\n<h3 class=\"wp-block-heading\">V\u00fdb\u011brov\u00e9 \u0159\u00edzen\u00ed<\/h3>\n<div class=\"gsp_post_data\" data-post_type=\"page\" data-cat=\"\" data-modified=\"120\" data-title=\"\u00da\u0159edn\u00ed deska\" data-home=\"https:\/\/logopaed.cz\/home\"><\/div>","protected":false},"excerpt":{"rendered":"<p>Z\u00e1kladn\u00ed informace N\u00e1zev Z\u00e1kladn\u00ed \u0161kola a Mate\u0159sk\u00e1 \u0161kola logopedick\u00e1 Olomouc S\u00eddlo t\u0159\u00edda Svornosti 900\/37, 779&nbsp;00 Olomouc I\u010cO 00601683 Redizo 600026663 E-mail skola@logopaed.cz \u010c\u00edslo datov\u00e9 schr\u00e1nky vz4fdwq Organiza\u010dn\u00ed struktura Krit\u00e9ria p\u0159ij\u00edmac\u00edho \u0159\u00edzen\u00ed pro \u0161koln\u00ed rok 2024-2025 Prohl\u00e1\u0161en\u00ed o zaveden\u00ed sm\u011brnice EU o whistleblowingu Pov\u011b\u0159enec -GDPR V\u00fdb\u011brov\u00e9 \u0159\u00edzen\u00ed<\/p>\n","protected":false},"author":3,"featured_media":0,"parent":0,"menu_order":0,"comment_status":"closed","ping_status":"closed","template":"","meta":[],"folder":[],"blog_post_layout_featured_media_urls":{"thumbnail":"","full":""},"categories_names":null,"comments_number":0,"_links":{"self":[{"href":"https:\/\/logopaed.cz\/home\/wp-json\/wp\/v2\/pages\/3702"}],"collection":[{"href":"https:\/\/logopaed.cz\/home\/wp-json\/wp\/v2\/pages"}],"about":[{"href":"https:\/\/logopaed.cz\/home\/wp-json\/wp\/v2\/types\/page"}],"author":[{"embeddable":true,"href":"https:\/\/logopaed.cz\/home\/wp-json\/wp\/v2\/users\/3"}],"replies":[{"embeddable":true,"href":"https:\/\/logopaed.cz\/home\/wp-json\/wp\/v2\/comments?post=3702"}],"version-history":[{"count":7,"href":"https:\/\/logopaed.cz\/home\/wp-json\/wp\/v2\/pages\/3702\/revisions"}],"predecessor-version":[{"id":5012,"href":"https:\/\/logopaed.cz\/home\/wp-json\/wp\/v2\/pages\/3702\/revisions\/5012"}],"wp:attachment":[{"href":"https:\/\/logopaed.cz\/home\/wp-json\/wp\/v2\/media?parent=3702"}],"wp:term":[{"taxonomy":"folder","embeddable":true,"href":"https:\/\/logopaed.cz\/home\/wp-json\/wp\/v2\/folder?post=3702"}],"curies":[{"name":"wp","href":"https:\/\/api.w.org\/{rel}","templated":true}]}}