{"id":1888,"date":"2022-09-29T08:32:52","date_gmt":"2022-09-29T08:32:52","guid":{"rendered":"http:\/\/logopaed.cz\/home\/?page_id=1888"},"modified":"2022-09-29T08:45:16","modified_gmt":"2022-09-29T08:45:16","slug":"zs-a-ms-pri-fakultni-nemocnici","status":"publish","type":"page","link":"https:\/\/logopaed.cz\/home\/zs-a-ms-pri-fakultni-nemocnici\/","title":{"rendered":"Z\u0160 a M\u0160 p\u0159i Fakultn\u00ed nemocnici"},"content":{"rendered":"\n<p><strong>Z\u00e1kladn\u00ed \u0161kola a Mate\u0159sk\u00e1 \u0161kola p\u0159i Fakultn\u00ed nemocnici v Olomouci je \u0161kolsk\u00e1 instituce pro \u017e\u00e1ky se speci\u00e1ln\u00edmi vzd\u011bl\u00e1vac\u00edmi pot\u0159ebami. Hlavn\u00edm posl\u00e1n\u00edm \u0161koly je b\u00fdt sou\u010d\u00e1st\u00ed l\u00e9\u010debn\u00e9ho procesu \u017e\u00e1ka, kter\u00fd se po ukon\u010den\u00ed hospitalizace \u00fasp\u011b\u0161n\u011b za\u010dlen\u00ed do v\u00fdchovn\u011b-vzd\u011bl\u00e1vac\u00edho procesu ve sv\u00e9 kmenov\u00e9 \u0161kole. \u0160kola s\u00eddl\u00ed v budov\u011b D\u011btsk\u00e9 kliniky Fakultn\u00ed nemocnice v Olomouci.<\/strong><\/p>\n<div class=\"gsp_post_data\" data-post_type=\"page\" data-cat=\"\" data-modified=\"120\" data-title=\"Z\u0160 a M\u0160 p\u0159i Fakultn\u00ed nemocnici\" data-home=\"https:\/\/logopaed.cz\/home\"><\/div>","protected":false},"excerpt":{"rendered":"<p>Z\u00e1kladn\u00ed \u0161kola a Mate\u0159sk\u00e1 \u0161kola p\u0159i Fakultn\u00ed nemocnici v Olomouci je \u0161kolsk\u00e1 instituce pro \u017e\u00e1ky se speci\u00e1ln\u00edmi vzd\u011bl\u00e1vac\u00edmi pot\u0159ebami. Hlavn\u00edm posl\u00e1n\u00edm \u0161koly je b\u00fdt sou\u010d\u00e1st\u00ed l\u00e9\u010debn\u00e9ho procesu \u017e\u00e1ka, kter\u00fd se po ukon\u010den\u00ed hospitalizace \u00fasp\u011b\u0161n\u011b za\u010dlen\u00ed do v\u00fdchovn\u011b-vzd\u011bl\u00e1vac\u00edho procesu ve sv\u00e9 kmenov\u00e9 \u0161kole. \u0160kola s\u00eddl\u00ed v budov\u011b D\u011btsk\u00e9 kliniky Fakultn\u00ed nemocnice v Olomouci.<\/p>\n","protected":false},"author":3,"featured_media":0,"parent":0,"menu_order":0,"comment_status":"closed","ping_status":"closed","template":"","meta":[],"folder":[],"blog_post_layout_featured_media_urls":{"thumbnail":"","full":""},"categories_names":null,"comments_number":0,"_links":{"self":[{"href":"https:\/\/logopaed.cz\/home\/wp-json\/wp\/v2\/pages\/1888"}],"collection":[{"href":"https:\/\/logopaed.cz\/home\/wp-json\/wp\/v2\/pages"}],"about":[{"href":"https:\/\/logopaed.cz\/home\/wp-json\/wp\/v2\/types\/page"}],"author":[{"embeddable":true,"href":"https:\/\/logopaed.cz\/home\/wp-json\/wp\/v2\/users\/3"}],"replies":[{"embeddable":true,"href":"https:\/\/logopaed.cz\/home\/wp-json\/wp\/v2\/comments?post=1888"}],"version-history":[{"count":3,"href":"https:\/\/logopaed.cz\/home\/wp-json\/wp\/v2\/pages\/1888\/revisions"}],"predecessor-version":[{"id":1893,"href":"https:\/\/logopaed.cz\/home\/wp-json\/wp\/v2\/pages\/1888\/revisions\/1893"}],"wp:attachment":[{"href":"https:\/\/logopaed.cz\/home\/wp-json\/wp\/v2\/media?parent=1888"}],"wp:term":[{"taxonomy":"folder","embeddable":true,"href":"https:\/\/logopaed.cz\/home\/wp-json\/wp\/v2\/folder?post=1888"}],"curies":[{"name":"wp","href":"https:\/\/api.w.org\/{rel}","templated":true}]}}