{"id":1724,"date":"2022-09-24T15:24:50","date_gmt":"2022-09-24T15:24:50","guid":{"rendered":"http:\/\/logopaed.cz\/home\/?page_id=1724"},"modified":"2022-11-02T13:46:58","modified_gmt":"2022-11-02T13:46:58","slug":"skolni-vzdelavaci-program","status":"publish","type":"page","link":"https:\/\/logopaed.cz\/home\/internat\/skolni-vzdelavaci-program\/","title":{"rendered":"Dokumenty"},"content":{"rendered":"\n<h3 class=\"wp-block-heading\"><strong>Vnit\u0159n\u00ed \u0159\u00e1d<\/strong><\/h3>\n\n\n\n<div class=\"wp-block-file\"><a id=\"wp-block-file--media-f1e72f16-6c80-4f51-8717-687a858b3110\" href=\"http:\/\/logopaed.cz\/wp-content\/uploads\/2022\/10\/vnitrni-rad-internat.pdf\">vnitrni rad internat<\/a><a href=\"http:\/\/logopaed.cz\/wp-content\/uploads\/2022\/10\/vnitrni-rad-internat.pdf\" class=\"wp-block-file__button wp-element-button\" download aria-describedby=\"wp-block-file--media-f1e72f16-6c80-4f51-8717-687a858b3110\">St\u00e1hnout<\/a><\/div>\n\n\n\n<h3 class=\"wp-block-heading\"><strong>Provoz<\/strong><\/h3>\n\n\n\n<div class=\"wp-block-file\"><a id=\"wp-block-file--media-2b0a4f86-486b-4ffc-a6d2-2456a6cabd01\" href=\"http:\/\/logopaed.cz\/wp-content\/uploads\/2022\/11\/Rad-internatu.pdf\">Rad-internatu<\/a><a href=\"http:\/\/logopaed.cz\/wp-content\/uploads\/2022\/11\/Rad-internatu.pdf\" class=\"wp-block-file__button wp-element-button\" download aria-describedby=\"wp-block-file--media-2b0a4f86-486b-4ffc-a6d2-2456a6cabd01\">St\u00e1hnout<\/a><\/div>\n\n\n\n<h3 class=\"wp-block-heading\"><strong>Seznam v\u011bc\u00ed<\/strong><\/h3>\n\n\n\n<div class=\"wp-block-file\"><a id=\"wp-block-file--media-c897672e-f79a-4b09-9520-31fe80fc35ba\" href=\"http:\/\/logopaed.cz\/wp-content\/uploads\/2022\/11\/Seznam-veci-na-internat.pdf\">Seznam-veci-na-internat<\/a><a href=\"http:\/\/logopaed.cz\/wp-content\/uploads\/2022\/11\/Seznam-veci-na-internat.pdf\" class=\"wp-block-file__button wp-element-button\" download aria-describedby=\"wp-block-file--media-c897672e-f79a-4b09-9520-31fe80fc35ba\">St\u00e1hnout<\/a><\/div>\n\n\n\n<h3 class=\"wp-block-heading\"><strong>Platba<\/strong><\/h3>\n\n\n\n<p><\/p>\n<div class=\"gsp_post_data\" data-post_type=\"page\" data-cat=\"\" data-modified=\"120\" data-title=\"Dokumenty\" data-home=\"https:\/\/logopaed.cz\/home\"><\/div>","protected":false},"excerpt":{"rendered":"<p>Vnit\u0159n\u00ed \u0159\u00e1d Provoz Seznam v\u011bc\u00ed Platba<\/p>\n","protected":false},"author":3,"featured_media":0,"parent":1480,"menu_order":0,"comment_status":"closed","ping_status":"closed","template":"","meta":[],"folder":[],"blog_post_layout_featured_media_urls":{"thumbnail":"","full":""},"categories_names":null,"comments_number":0,"_links":{"self":[{"href":"https:\/\/logopaed.cz\/home\/wp-json\/wp\/v2\/pages\/1724"}],"collection":[{"href":"https:\/\/logopaed.cz\/home\/wp-json\/wp\/v2\/pages"}],"about":[{"href":"https:\/\/logopaed.cz\/home\/wp-json\/wp\/v2\/types\/page"}],"author":[{"embeddable":true,"href":"https:\/\/logopaed.cz\/home\/wp-json\/wp\/v2\/users\/3"}],"replies":[{"embeddable":true,"href":"https:\/\/logopaed.cz\/home\/wp-json\/wp\/v2\/comments?post=1724"}],"version-history":[{"count":8,"href":"https:\/\/logopaed.cz\/home\/wp-json\/wp\/v2\/pages\/1724\/revisions"}],"predecessor-version":[{"id":2148,"href":"https:\/\/logopaed.cz\/home\/wp-json\/wp\/v2\/pages\/1724\/revisions\/2148"}],"up":[{"embeddable":true,"href":"https:\/\/logopaed.cz\/home\/wp-json\/wp\/v2\/pages\/1480"}],"wp:attachment":[{"href":"https:\/\/logopaed.cz\/home\/wp-json\/wp\/v2\/media?parent=1724"}],"wp:term":[{"taxonomy":"folder","embeddable":true,"href":"https:\/\/logopaed.cz\/home\/wp-json\/wp\/v2\/folder?post=1724"}],"curies":[{"name":"wp","href":"https:\/\/api.w.org\/{rel}","templated":true}]}}