{"id":1705,"date":"2022-09-24T15:03:11","date_gmt":"2022-09-24T15:03:11","guid":{"rendered":"http:\/\/logopaed.cz\/home\/?page_id=1705"},"modified":"2024-06-25T05:31:02","modified_gmt":"2024-06-25T05:31:02","slug":"skolni-vzdelavaci-program","status":"publish","type":"page","link":"https:\/\/logopaed.cz\/home\/skolni-druzina-pri-zs-logopedicke\/skolni-vzdelavaci-program\/","title":{"rendered":"Dokumenty"},"content":{"rendered":"\n<h3 class=\"wp-block-heading\"><strong>Vnit\u0159n\u00ed \u0159\u00e1d<\/strong><\/h3>\n\n\n\n<div class=\"wp-block-file\"><a id=\"wp-block-file--media-286649c0-4ce3-433a-b049-179f5a11e86e\" href=\"http:\/\/logopaed.cz\/wp-content\/uploads\/2022\/10\/vnitrni-rad-sd.pdf\">vnitrni rad sd<\/a><a href=\"http:\/\/logopaed.cz\/wp-content\/uploads\/2022\/10\/vnitrni-rad-sd.pdf\" class=\"wp-block-file__button wp-element-button\" download aria-describedby=\"wp-block-file--media-286649c0-4ce3-433a-b049-179f5a11e86e\">St\u00e1hnout<\/a><\/div>\n\n\n\n<h3 class=\"wp-block-heading\"><strong>Provoz<\/strong><\/h3>\n\n\n\n<div class=\"wp-block-file\"><a id=\"wp-block-file--media-fdb113f4-cf0e-4df1-8b30-ee5adb62c5a8\" href=\"https:\/\/logopaed.cz\/wp-content\/uploads\/2023\/06\/Provozni-rad-skolni-druziny-22-23.pdf\">Provozni-rad-skolni-druziny-22-23<\/a><a href=\"https:\/\/logopaed.cz\/wp-content\/uploads\/2023\/06\/Provozni-rad-skolni-druziny-22-23.pdf\" class=\"wp-block-file__button wp-element-button\" download aria-describedby=\"wp-block-file--media-fdb113f4-cf0e-4df1-8b30-ee5adb62c5a8\">St\u00e1hnout<\/a><\/div>\n\n\n\n<h3 class=\"wp-block-heading\"><strong>Platba<\/strong><\/h3>\n\n\n\n<div class=\"wp-block-file\"><a id=\"wp-block-file--media-944e71c9-8555-4881-a4c1-5c81e4f2eb77\" href=\"https:\/\/logopaed.cz\/wp-content\/uploads\/2024\/06\/skolne-SD.pdf\">skolne-SD<\/a><a href=\"https:\/\/logopaed.cz\/wp-content\/uploads\/2024\/06\/skolne-SD.pdf\" class=\"wp-block-file__button wp-element-button\" download aria-describedby=\"wp-block-file--media-944e71c9-8555-4881-a4c1-5c81e4f2eb77\">St\u00e1hnout<\/a><\/div>\n<div class=\"gsp_post_data\" data-post_type=\"page\" data-cat=\"\" data-modified=\"120\" data-title=\"Dokumenty\" data-home=\"https:\/\/logopaed.cz\/home\"><\/div>","protected":false},"excerpt":{"rendered":"<p>Vnit\u0159n\u00ed \u0159\u00e1d Provoz Platba<\/p>\n","protected":false},"author":3,"featured_media":0,"parent":1482,"menu_order":0,"comment_status":"closed","ping_status":"closed","template":"","meta":[],"folder":[],"blog_post_layout_featured_media_urls":{"thumbnail":"","full":""},"categories_names":null,"comments_number":0,"_links":{"self":[{"href":"https:\/\/logopaed.cz\/home\/wp-json\/wp\/v2\/pages\/1705"}],"collection":[{"href":"https:\/\/logopaed.cz\/home\/wp-json\/wp\/v2\/pages"}],"about":[{"href":"https:\/\/logopaed.cz\/home\/wp-json\/wp\/v2\/types\/page"}],"author":[{"embeddable":true,"href":"https:\/\/logopaed.cz\/home\/wp-json\/wp\/v2\/users\/3"}],"replies":[{"embeddable":true,"href":"https:\/\/logopaed.cz\/home\/wp-json\/wp\/v2\/comments?post=1705"}],"version-history":[{"count":7,"href":"https:\/\/logopaed.cz\/home\/wp-json\/wp\/v2\/pages\/1705\/revisions"}],"predecessor-version":[{"id":4196,"href":"https:\/\/logopaed.cz\/home\/wp-json\/wp\/v2\/pages\/1705\/revisions\/4196"}],"up":[{"embeddable":true,"href":"https:\/\/logopaed.cz\/home\/wp-json\/wp\/v2\/pages\/1482"}],"wp:attachment":[{"href":"https:\/\/logopaed.cz\/home\/wp-json\/wp\/v2\/media?parent=1705"}],"wp:term":[{"taxonomy":"folder","embeddable":true,"href":"https:\/\/logopaed.cz\/home\/wp-json\/wp\/v2\/folder?post=1705"}],"curies":[{"name":"wp","href":"https:\/\/api.w.org\/{rel}","templated":true}]}}