{"id":1695,"date":"2022-09-24T14:52:57","date_gmt":"2022-09-24T14:52:57","guid":{"rendered":"http:\/\/logopaed.cz\/home\/?page_id=1695"},"modified":"2022-11-06T19:21:38","modified_gmt":"2022-11-06T19:21:38","slug":"prijem","status":"publish","type":"page","link":"https:\/\/logopaed.cz\/home\/ms-logopedicka\/prijem\/","title":{"rendered":"Pro rodi\u010de"},"content":{"rendered":"\n<div class=\"wp-block-file\"><a id=\"wp-block-file--media-a1437585-4fdb-41a8-b3c0-d43950e71752\" href=\"http:\/\/logopaed.cz\/wp-content\/uploads\/2022\/04\/zadost-o-uvolneni-formular.docx\">\u017e\u00e1dost o uvoln\u011bn\u00ed &#8211; formul\u00e1\u0159<\/a><a href=\"http:\/\/logopaed.cz\/wp-content\/uploads\/2022\/04\/zadost-o-uvolneni-formular.docx\" class=\"wp-block-file__button wp-element-button\" download aria-describedby=\"wp-block-file--media-a1437585-4fdb-41a8-b3c0-d43950e71752\">St\u00e1hnout<\/a><\/div>\n\n\n\n<h3 class=\"wp-block-heading\">Pot\u0159eby<\/h3>\n\n\n\n<div class=\"wp-block-file\"><a id=\"wp-block-file--media-bc7bd255-b7b0-4524-b0bb-ab0ff390584e\" href=\"http:\/\/logopaed.cz\/wp-content\/uploads\/2022\/11\/Potreby-a-veci-do-skolky.pdf\">Potreby-a-veci-do-skolky<\/a><a href=\"http:\/\/logopaed.cz\/wp-content\/uploads\/2022\/11\/Potreby-a-veci-do-skolky.pdf\" class=\"wp-block-file__button wp-element-button\" download aria-describedby=\"wp-block-file--media-bc7bd255-b7b0-4524-b0bb-ab0ff390584e\">St\u00e1hnout<\/a><\/div>\n<div class=\"gsp_post_data\" data-post_type=\"page\" data-cat=\"\" data-modified=\"120\" data-title=\"Pro rodi\u010de\" data-home=\"https:\/\/logopaed.cz\/home\"><\/div>","protected":false},"excerpt":{"rendered":"<p>Pot\u0159eby<\/p>\n","protected":false},"author":3,"featured_media":0,"parent":115,"menu_order":0,"comment_status":"closed","ping_status":"closed","template":"","meta":[],"folder":[],"blog_post_layout_featured_media_urls":{"thumbnail":"","full":""},"categories_names":null,"comments_number":0,"_links":{"self":[{"href":"https:\/\/logopaed.cz\/home\/wp-json\/wp\/v2\/pages\/1695"}],"collection":[{"href":"https:\/\/logopaed.cz\/home\/wp-json\/wp\/v2\/pages"}],"about":[{"href":"https:\/\/logopaed.cz\/home\/wp-json\/wp\/v2\/types\/page"}],"author":[{"embeddable":true,"href":"https:\/\/logopaed.cz\/home\/wp-json\/wp\/v2\/users\/3"}],"replies":[{"embeddable":true,"href":"https:\/\/logopaed.cz\/home\/wp-json\/wp\/v2\/comments?post=1695"}],"version-history":[{"count":4,"href":"https:\/\/logopaed.cz\/home\/wp-json\/wp\/v2\/pages\/1695\/revisions"}],"predecessor-version":[{"id":2178,"href":"https:\/\/logopaed.cz\/home\/wp-json\/wp\/v2\/pages\/1695\/revisions\/2178"}],"up":[{"embeddable":true,"href":"https:\/\/logopaed.cz\/home\/wp-json\/wp\/v2\/pages\/115"}],"wp:attachment":[{"href":"https:\/\/logopaed.cz\/home\/wp-json\/wp\/v2\/media?parent=1695"}],"wp:term":[{"taxonomy":"folder","embeddable":true,"href":"https:\/\/logopaed.cz\/home\/wp-json\/wp\/v2\/folder?post=1695"}],"curies":[{"name":"wp","href":"https:\/\/api.w.org\/{rel}","templated":true}]}}