{"id":1692,"date":"2022-09-24T14:52:11","date_gmt":"2022-09-24T14:52:11","guid":{"rendered":"http:\/\/logopaed.cz\/home\/?page_id=1692"},"modified":"2024-06-25T05:33:43","modified_gmt":"2024-06-25T05:33:43","slug":"dokumenty","status":"publish","type":"page","link":"https:\/\/logopaed.cz\/home\/ms-logopedicka\/dokumenty\/","title":{"rendered":"Dokumenty"},"content":{"rendered":"\n<div class=\"wp-block-file\"><a id=\"wp-block-file--media-ca34a91e-f478-4ccb-aef0-2696a8f87dbb\" href=\"http:\/\/logopaed.cz\/wp-content\/uploads\/2022\/10\/Skolni-rad-MSL-2022.pdf\">\u0160koln\u00ed \u0159\u00e1d M\u0160L 2022<\/a><a href=\"http:\/\/logopaed.cz\/wp-content\/uploads\/2022\/10\/Skolni-rad-MSL-2022.pdf\" class=\"wp-block-file__button wp-element-button\" download aria-describedby=\"wp-block-file--media-ca34a91e-f478-4ccb-aef0-2696a8f87dbb\">St\u00e1hnout<\/a><\/div>\n\n\n\n<h3 class=\"wp-block-heading\"><strong>\u0160koln\u00e9<\/strong><\/h3>\n\n\n\n<div class=\"wp-block-file\"><a id=\"wp-block-file--media-a190014a-67ec-4b3d-95de-157cb96d1c07\" href=\"https:\/\/logopaed.cz\/wp-content\/uploads\/2024\/06\/skolne-MS.pdf\">skolne-MS<\/a><a href=\"https:\/\/logopaed.cz\/wp-content\/uploads\/2024\/06\/skolne-MS.pdf\" class=\"wp-block-file__button wp-element-button\" download aria-describedby=\"wp-block-file--media-a190014a-67ec-4b3d-95de-157cb96d1c07\">St\u00e1hnout<\/a><\/div>\n\n\n\n<div class=\"wp-block-file\"><a id=\"wp-block-file--media-cfb98488-b331-4c5a-a616-dc6a74410c3c\" href=\"https:\/\/logopaed.cz\/wp-content\/uploads\/2024\/02\/kriteria-prijeti-2024.pdf\">kriteria-prijeti-2024<\/a><a href=\"https:\/\/logopaed.cz\/wp-content\/uploads\/2024\/02\/kriteria-prijeti-2024.pdf\" class=\"wp-block-file__button wp-element-button\" download aria-describedby=\"wp-block-file--media-cfb98488-b331-4c5a-a616-dc6a74410c3c\">St\u00e1hnout<\/a><\/div>\n<div class=\"gsp_post_data\" data-post_type=\"page\" data-cat=\"\" data-modified=\"120\" data-title=\"Dokumenty\" data-home=\"https:\/\/logopaed.cz\/home\"><\/div>","protected":false},"excerpt":{"rendered":"<p>\u0160koln\u00e9<\/p>\n","protected":false},"author":3,"featured_media":0,"parent":115,"menu_order":0,"comment_status":"closed","ping_status":"closed","template":"","meta":[],"folder":[],"blog_post_layout_featured_media_urls":{"thumbnail":"","full":""},"categories_names":null,"comments_number":0,"_links":{"self":[{"href":"https:\/\/logopaed.cz\/home\/wp-json\/wp\/v2\/pages\/1692"}],"collection":[{"href":"https:\/\/logopaed.cz\/home\/wp-json\/wp\/v2\/pages"}],"about":[{"href":"https:\/\/logopaed.cz\/home\/wp-json\/wp\/v2\/types\/page"}],"author":[{"embeddable":true,"href":"https:\/\/logopaed.cz\/home\/wp-json\/wp\/v2\/users\/3"}],"replies":[{"embeddable":true,"href":"https:\/\/logopaed.cz\/home\/wp-json\/wp\/v2\/comments?post=1692"}],"version-history":[{"count":9,"href":"https:\/\/logopaed.cz\/home\/wp-json\/wp\/v2\/pages\/1692\/revisions"}],"predecessor-version":[{"id":4199,"href":"https:\/\/logopaed.cz\/home\/wp-json\/wp\/v2\/pages\/1692\/revisions\/4199"}],"up":[{"embeddable":true,"href":"https:\/\/logopaed.cz\/home\/wp-json\/wp\/v2\/pages\/115"}],"wp:attachment":[{"href":"https:\/\/logopaed.cz\/home\/wp-json\/wp\/v2\/media?parent=1692"}],"wp:term":[{"taxonomy":"folder","embeddable":true,"href":"https:\/\/logopaed.cz\/home\/wp-json\/wp\/v2\/folder?post=1692"}],"curies":[{"name":"wp","href":"https:\/\/api.w.org\/{rel}","templated":true}]}}