{"id":1668,"date":"2022-09-24T14:11:02","date_gmt":"2022-09-24T14:11:02","guid":{"rendered":"http:\/\/logopaed.cz\/home\/?page_id=1668"},"modified":"2022-11-08T12:46:19","modified_gmt":"2022-11-08T12:46:19","slug":"1668-2","status":"publish","type":"page","link":"https:\/\/logopaed.cz\/home\/zs-fakultni-nemocnice\/1668-2\/","title":{"rendered":"Kontakty"},"content":{"rendered":"\n<h2 class=\"wp-block-heading\"><strong>Pedagogick\u00fd sbor<\/strong><\/h2>\n\n\n\n<figure class=\"wp-block-table\"><table><tbody><tr><td><strong>Mgr. Kate\u0159ina Kole\u010d\u00e1\u0159ov\u00e1<\/strong><\/td><td>z\u00e1stupkyn\u011b \u0159editelky, odd\u011blen\u00ed 28C (poopera\u010dn\u00ed)<\/td><td>Katerina.Kolecarova@fnol.cz<\/td><\/tr><tr><td><strong>Mgr. Lenka Bure\u0161ov\u00e1<\/strong><\/td><td>odd\u011blen\u00ed 21B (hemato-onkologick\u00e9)<\/td><td><a rel=\"noreferrer noopener\" href=\"mailto:buresova@logopaed.cz\" target=\"_blank\">buresova@logopaed.cz<\/a><\/td><\/tr><tr><td><strong>Mgr. Jitka \u0160indel\u00e1\u0159ov\u00e1<\/strong><\/td><td>ostatn\u00ed odd\u011blen\u00ed (JIRP, 28D poopera\u010dn\u00ed)<\/td><td><a rel=\"noreferrer noopener\" href=\"mailto:sindelarova@logopaed.cz\" target=\"_blank\">sindelarova@logopaed.cz<\/a><\/td><\/tr><tr><td><strong>Mgr. Gabriela Charv\u00e1tov\u00e1<\/strong><\/td><td>odd\u011blen\u00ed 21A (respira\u010dn\u00ed) 1. stupe\u0148 Z\u0160<\/td><td>charvatova@logopaed.cz<\/td><\/tr><tr><td><strong>Mgr. Eli\u0161ka Pol\u00ednkov\u00e1<\/strong><\/td><td>odd\u011blen\u00ed 21A (respira\u010dn\u00ed) 2. stupe\u0148 Z\u0160<\/td><td><a rel=\"noreferrer noopener\" href=\"mailto:polinkova@logopaed.cz\" target=\"_blank\">polinkova@logopaed.cz<\/a><\/td><\/tr><\/tbody><\/table><\/figure>\n\n\n\n<h2 class=\"wp-block-heading\"><strong>Kontakt<\/strong><\/h2>\n\n\n\n<p><br>Z\u00e1stupkyn\u011b \u0159editele \u0161koly: Mgr. Kate\u0159ina Kole\u010d\u00e1\u0159ov\u00e1<br>Telefon: 585854444<br>Email: Katerina.Kolecarova@fnol.cz<\/p>\n\n\n\n<p>Z\u00e1kladn\u00ed \u0161kola a Mate\u0159sk\u00e1 \u0161kola p\u0159i Fakultn\u00ed nemocnici Olomouc<br>I. P. Pavlova 185\/6<br>775 20 Olomouc \u2013 Nov\u00e1 Ulice<\/p>\n\n\n\n<iframe src=\"https:\/\/www.google.com\/maps\/embed?pb=!1m18!1m12!1m3!1d968.9835356948706!2d17.237304249280264!3d49.58122921598815!2m3!1f0!2f0!3f0!3m2!1i1024!2i768!4f13.1!3m3!1m2!1s0x0%3A0xcfb64afb70385d5c!2zNDnCsDM0JzUyLjciTiAxN8KwMTQnMTYuMyJF!5e0!3m2!1scs!2scz!4v1662471998742!5m2!1scs!2scz\" width=\"600\" height=\"450\" style=\"border:0;\" allowfullscreen=\"\" loading=\"lazy\" referrerpolicy=\"no-referrer-when-downgrade\"><\/iframe>\n<div class=\"gsp_post_data\" data-post_type=\"page\" data-cat=\"\" data-modified=\"120\" data-title=\"Kontakty\" data-home=\"https:\/\/logopaed.cz\/home\"><\/div>","protected":false},"excerpt":{"rendered":"<p>Pedagogick\u00fd sbor Mgr. Kate\u0159ina Kole\u010d\u00e1\u0159ov\u00e1 z\u00e1stupkyn\u011b \u0159editelky, odd\u011blen\u00ed 28C (poopera\u010dn\u00ed) Katerina.Kolecarova@fnol.cz Mgr. Lenka Bure\u0161ov\u00e1 odd\u011blen\u00ed 21B (hemato-onkologick\u00e9) buresova@logopaed.cz Mgr. Jitka \u0160indel\u00e1\u0159ov\u00e1 ostatn\u00ed odd\u011blen\u00ed (JIRP, 28D poopera\u010dn\u00ed) sindelarova@logopaed.cz Mgr. Gabriela Charv\u00e1tov\u00e1 odd\u011blen\u00ed 21A (respira\u010dn\u00ed) 1. stupe\u0148 Z\u0160 charvatova@logopaed.cz Mgr. Eli\u0161ka Pol\u00ednkov\u00e1 odd\u011blen\u00ed 21A (respira\u010dn\u00ed) 2. stupe\u0148 Z\u0160 polinkova@logopaed.cz Kontakt Z\u00e1stupkyn\u011b \u0159editele \u0161koly: Mgr. Kate\u0159ina Kole\u010d\u00e1\u0159ov\u00e1Telefon: 585854444Email: Katerina.Kolecarova@fnol.cz Z\u00e1kladn\u00ed \u0161kola a Mate\u0159sk\u00e1 \u0161kola p\u0159i Fakultn\u00ed nemocnici OlomoucI. P. Pavlova 185\/6775 20 Olomouc \u2013 Nov\u00e1 Ulice<\/p>\n","protected":false},"author":3,"featured_media":0,"parent":738,"menu_order":0,"comment_status":"closed","ping_status":"closed","template":"","meta":[],"folder":[],"blog_post_layout_featured_media_urls":{"thumbnail":"","full":""},"categories_names":null,"comments_number":0,"_links":{"self":[{"href":"https:\/\/logopaed.cz\/home\/wp-json\/wp\/v2\/pages\/1668"}],"collection":[{"href":"https:\/\/logopaed.cz\/home\/wp-json\/wp\/v2\/pages"}],"about":[{"href":"https:\/\/logopaed.cz\/home\/wp-json\/wp\/v2\/types\/page"}],"author":[{"embeddable":true,"href":"https:\/\/logopaed.cz\/home\/wp-json\/wp\/v2\/users\/3"}],"replies":[{"embeddable":true,"href":"https:\/\/logopaed.cz\/home\/wp-json\/wp\/v2\/comments?post=1668"}],"version-history":[{"count":5,"href":"https:\/\/logopaed.cz\/home\/wp-json\/wp\/v2\/pages\/1668\/revisions"}],"predecessor-version":[{"id":2225,"href":"https:\/\/logopaed.cz\/home\/wp-json\/wp\/v2\/pages\/1668\/revisions\/2225"}],"up":[{"embeddable":true,"href":"https:\/\/logopaed.cz\/home\/wp-json\/wp\/v2\/pages\/738"}],"wp:attachment":[{"href":"https:\/\/logopaed.cz\/home\/wp-json\/wp\/v2\/media?parent=1668"}],"wp:term":[{"taxonomy":"folder","embeddable":true,"href":"https:\/\/logopaed.cz\/home\/wp-json\/wp\/v2\/folder?post=1668"}],"curies":[{"name":"wp","href":"https:\/\/api.w.org\/{rel}","templated":true}]}}