{"id":1662,"date":"2022-09-24T14:06:44","date_gmt":"2022-09-24T14:06:44","guid":{"rendered":"http:\/\/logopaed.cz\/home\/?page_id=1662"},"modified":"2026-03-25T08:27:18","modified_gmt":"2026-03-25T08:27:18","slug":"kontakty","status":"publish","type":"page","link":"https:\/\/logopaed.cz\/home\/zs-logopedicka\/kontakty\/","title":{"rendered":"Kontakty, konzulta\u010dn\u00ed hodiny"},"content":{"rendered":"\n<p>konzulta\u010dn\u00ed hodiny budou realizov\u00e1ny v\u017edy po p\u0159edchoz\u00ed telefonick\u00e9 \u010di p\u00edsemn\u00e9 domluv\u011b<\/p>\n\n\n\n<div class=\"wp-block-columns is-layout-flex wp-container-3\">\n<div class=\"wp-block-column is-layout-flow\">\n<p><strong>Zam\u011bstnanec<\/strong><\/p>\n<\/div>\n\n\n\n<div class=\"wp-block-column is-layout-flow\">\n<p><strong>email<\/strong><\/p>\n<\/div>\n<\/div>\n\n\n\n<hr class=\"wp-block-separator has-alpha-channel-opacity is-style-wide\"\/>\n\n\n\n<div class=\"wp-block-columns is-layout-flex wp-container-6\">\n<div class=\"wp-block-column is-layout-flow\">\n<p>Fetkov\u00e1 Lada Mgr.<\/p>\n<\/div>\n\n\n\n<div class=\"wp-block-column is-layout-flow\">\n<p>fetkova@logopaed.cz <\/p>\n\n\n\n<p><strong>\u010ct<\/strong> &#8211; prvn\u00ed v m\u011bs\u00edci &#8211; <strong>7. 00 &#8211; 8. 00h<\/strong><\/p>\n<\/div>\n<\/div>\n\n\n\n<hr class=\"wp-block-separator has-alpha-channel-opacity is-style-wide\"\/>\n\n\n\n<div class=\"wp-block-columns is-layout-flex wp-container-9\">\n<div class=\"wp-block-column is-layout-flow\">\n<p>G\u0159e\u0161kov\u00e1 Martina Mgr.<\/p>\n<\/div>\n\n\n\n<div class=\"wp-block-column is-layout-flow\">\n<p>greskova@logopaed.cz <\/p>\n\n\n\n<p><strong>\u010ct<\/strong> &#8211; prvn\u00ed v m\u011bs\u00edci &#8211; <strong>11. 00 &#8211; 12. 00h<\/strong><\/p>\n<\/div>\n<\/div>\n\n\n\n<hr class=\"wp-block-separator has-alpha-channel-opacity is-style-wide\"\/>\n\n\n\n<div class=\"wp-block-columns is-layout-flex wp-container-12\">\n<div class=\"wp-block-column is-layout-flow\">\n<p>Hamersk\u00e1 Martina Mgr.<\/p>\n<\/div>\n\n\n\n<div class=\"wp-block-column is-layout-flow\">\n<p>hamerska@logopaed.cz; <\/p>\n\n\n\n<p><strong>St<\/strong> &#8211; prvn\u00ed v m\u011bs\u00edci &#8211; <strong>7. 00 &#8211; 8. 00h<\/strong><\/p>\n<\/div>\n<\/div>\n\n\n\n<hr class=\"wp-block-separator has-alpha-channel-opacity is-style-wide\"\/>\n\n\n\n<div class=\"wp-block-columns is-layout-flex wp-container-15\">\n<div class=\"wp-block-column is-layout-flow\">\n<p>Hanykov\u00e1 Petra Mgr.<\/p>\n<\/div>\n\n\n\n<div class=\"wp-block-column is-layout-flow\">\n<p>hanykova@logopaed.cz<\/p>\n\n\n\n<p><strong>P\u00e1<\/strong> &#8211; prvn\u00ed v m\u011bs\u00edci &#8211; <strong>7. 00 &#8211; 8. 00h<\/strong><\/p>\n<\/div>\n<\/div>\n\n\n\n<hr class=\"wp-block-separator has-alpha-channel-opacity is-style-wide\"\/>\n\n\n\n<div class=\"wp-block-columns is-layout-flex wp-container-18\">\n<div class=\"wp-block-column is-layout-flow\">\n<p>Hradilov\u00e1 Lenka Mgr.<\/p>\n<\/div>\n\n\n\n<div class=\"wp-block-column is-layout-flow\">\n<p>hradilova@logopaed.cz <\/p>\n\n\n\n<p><strong>St<\/strong> &#8211; prvn\u00ed v m\u011bs\u00edci &#8211; <strong>13. 00 &#8211; 14. 00h<\/strong><\/p>\n<\/div>\n<\/div>\n\n\n\n<hr class=\"wp-block-separator has-alpha-channel-opacity is-style-wide\"\/>\n\n\n\n<div class=\"wp-block-columns is-layout-flex wp-container-21\">\n<div class=\"wp-block-column is-layout-flow\">\n<p>Hrub\u00fd Jakub Mgr.<\/p>\n<\/div>\n\n\n\n<div class=\"wp-block-column is-layout-flow\">\n<p>hruby@logopaed.cz<\/p>\n\n\n\n<p><strong>St <\/strong>&#8211; prvn\u00ed v m\u011bs\u00edci &#8211; <strong>7. 00 &#8211; 8. 00h<\/strong><\/p>\n<\/div>\n<\/div>\n\n\n\n<hr class=\"wp-block-separator has-alpha-channel-opacity is-style-wide\"\/>\n\n\n\n<div class=\"wp-block-columns is-layout-flex wp-container-24\">\n<div class=\"wp-block-column is-layout-flow\">\n<p>Kalouskov\u00e1 Martina Mgr.<\/p>\n<\/div>\n\n\n\n<div class=\"wp-block-column is-layout-flow\">\n<p>kalouskova@logopaed.cz<\/p>\n\n\n\n<p><strong>St<\/strong> &#8211; prvn\u00ed v m\u011bs\u00edci &#8211; <strong>13. 00 &#8211; 14. 00h<\/strong><\/p>\n<\/div>\n<\/div>\n\n\n\n<hr class=\"wp-block-separator has-alpha-channel-opacity is-style-wide\"\/>\n\n\n\n<div class=\"wp-block-columns is-layout-flex wp-container-27\">\n<div class=\"wp-block-column is-layout-flow\">\n<p>Ka\u0161p\u00e1rkov\u00e1 Ad\u00e9la Mgr.<\/p>\n<\/div>\n\n\n\n<div class=\"wp-block-column is-layout-flow\">\n<p>kasparkova@logopaed.cz; <\/p>\n\n\n\n<p><strong>P\u00e1 <\/strong>&#8211; prvn\u00ed v m\u011bs\u00edci &#8211; <strong>8. 50 &#8211; 9. 50h<\/strong><\/p>\n<\/div>\n<\/div>\n\n\n\n<hr class=\"wp-block-separator has-alpha-channel-opacity is-style-wide\"\/>\n\n\n\n<div class=\"wp-block-columns is-layout-flex wp-container-30\">\n<div class=\"wp-block-column is-layout-flow\">\n<p>Kone\u010dn\u00e1 Edita Mgr.<\/p>\n<\/div>\n\n\n\n<div class=\"wp-block-column is-layout-flow\">\n<p>konecna@logopaed.cz; <\/p>\n\n\n\n<p>St &#8211; prvn\u00ed v m\u011bs\u00edci &#8211; <strong>9.00 &#8211; 10. 00h<\/strong><\/p>\n<\/div>\n<\/div>\n\n\n\n<hr class=\"wp-block-separator has-alpha-channel-opacity is-style-wide\"\/>\n\n\n\n<div class=\"wp-block-columns is-layout-flex wp-container-33\">\n<div class=\"wp-block-column is-layout-flow\">\n<p>Luk\u00e1\u010dov\u00e1 Veronika Mgr.<\/p>\n<\/div>\n\n\n\n<div class=\"wp-block-column is-layout-flow\">\n<p>lukacovav@logopaed.cz; <\/p>\n\n\n\n<p><strong>St<\/strong> &#8211; prvn\u00ed v m\u011bs\u00edci &#8211; <strong>7. 00 &#8211; 8. 00h<\/strong><\/p>\n<\/div>\n<\/div>\n\n\n\n<hr class=\"wp-block-separator has-alpha-channel-opacity is-style-wide\"\/>\n\n\n\n<div class=\"wp-block-columns is-layout-flex wp-container-36\">\n<div class=\"wp-block-column is-layout-flow\">\n<p>N\u011bmcov\u00e1 Magda Mgr.<\/p>\n<\/div>\n\n\n\n<div class=\"wp-block-column is-layout-flow\">\n<p>nemcova@logopaed.cz<\/p>\n\n\n\n<p><strong>P\u00e1<\/strong> &#8211; prvn\u00ed v m\u011bs\u00edci &#8211; <strong>7. 45 &#8211; 8. 45h<\/strong><\/p>\n<\/div>\n<\/div>\n\n\n\n<hr class=\"wp-block-separator has-alpha-channel-opacity is-style-wide\"\/>\n\n\n\n<div class=\"wp-block-columns is-layout-flex wp-container-39\">\n<div class=\"wp-block-column is-layout-flow\">\n<p>N\u011bmec Petr Mgr.<\/p>\n<\/div>\n\n\n\n<div class=\"wp-block-column is-layout-flow\">\n<p>nemec@logopaed.cz<\/p>\n\n\n\n<p><strong>Po<\/strong> &#8211; prvn\u00ed v m\u011bs\u00edci &#8211; <strong>13. 00 &#8211; 14. 00h<\/strong> <\/p>\n<\/div>\n<\/div>\n\n\n\n<hr class=\"wp-block-separator has-alpha-channel-opacity is-style-wide\"\/>\n\n\n\n<div class=\"wp-block-columns is-layout-flex wp-container-42\">\n<div class=\"wp-block-column is-layout-flow\">\n<p>N\u011bme\u010dkov\u00e1 Denisa<\/p>\n<\/div>\n\n\n\n<div class=\"wp-block-column is-layout-flow\">\n<p>nemeckova@logopaed.cz <\/p>\n\n\n\n<p><strong>St <\/strong>&#8211; prvn\u00ed v m\u011bs\u00edci &#8211; <strong>7. 00 &#8211; 8. 00h<\/strong><\/p>\n<\/div>\n<\/div>\n\n\n\n<hr class=\"wp-block-separator has-alpha-channel-opacity is-style-wide\"\/>\n\n\n\n<div class=\"wp-block-columns is-layout-flex wp-container-45\">\n<div class=\"wp-block-column is-layout-flow\">\n<p>Nov\u00e1kov\u00e1 Alice Mgr.<\/p>\n<\/div>\n\n\n\n<div class=\"wp-block-column is-layout-flow\">\n<p>novakova@logopaed.cz <\/p>\n\n\n\n<p><strong>St<\/strong> &#8211; prvn\u00ed v m\u011bs\u00edci &#8211; <strong>7. 00 &#8211; 8. 00h<\/strong><\/p>\n<\/div>\n<\/div>\n\n\n\n<hr class=\"wp-block-separator has-alpha-channel-opacity is-style-wide\"\/>\n\n\n\n<div class=\"wp-block-columns is-layout-flex wp-container-48\">\n<div class=\"wp-block-column is-layout-flow\">\n<p>Okle\u0161\u0165kov\u00e1 Barbora Mgr.<\/p>\n<\/div>\n\n\n\n<div class=\"wp-block-column is-layout-flow\">\n<p>oklestkova@logopaed.cz <\/p>\n\n\n\n<p><strong>\u00dat<\/strong> &#8211; prvn\u00ed v m\u011bs\u00edci &#8211; <strong>7.00 &#8211; 8.00h<\/strong><\/p>\n<\/div>\n<\/div>\n\n\n\n<hr class=\"wp-block-separator has-alpha-channel-opacity is-style-wide\"\/>\n\n\n\n<div class=\"wp-block-columns is-layout-flex wp-container-51\">\n<div class=\"wp-block-column is-vertically-aligned-top is-layout-flow\">\n<p>Pavl\u00edkov\u00e1 Kv\u011btoslava Mgr. <\/p>\n<\/div>\n\n\n\n<div class=\"wp-block-column is-layout-flow\">\n<p>pavlikova@logopaed.cz<\/p>\n\n\n\n<p><strong>St<\/strong> &#8211; prvn\u00ed v m\u011bs\u00edci &#8211; <strong>7. 00 &#8211; 8. 00h<\/strong> <\/p>\n<\/div>\n<\/div>\n\n\n\n<hr class=\"wp-block-separator has-alpha-channel-opacity is-style-wide\"\/>\n\n\n\n<p>       Povrov\u00e1 Zuzana Mgr.                                                                        povrova@logopaed.cz<\/p>\n\n\n\n<p>                                                                                                                      Po &#8211; prvn\u00ed v m\u011bs\u00edci &#8211; 12.00 &#8211; 13.00h<\/p>\n\n\n\n<hr class=\"wp-block-separator has-alpha-channel-opacity is-style-wide\"\/>\n\n\n\n<div class=\"wp-block-columns is-layout-flex wp-container-54\">\n<div class=\"wp-block-column is-layout-flow\">\n<p>Prudilov\u00e1 Hana Mgr.<\/p>\n<\/div>\n\n\n\n<div class=\"wp-block-column is-layout-flow\">\n<p>prudilova@logopaed.cz<\/p>\n\n\n\n<p><strong>Po<\/strong> &#8211; prvn\u00ed v m\u011bs\u00edci &#8211; <strong>7. 30 &#8211; 8. 30h<\/strong><\/p>\n<\/div>\n<\/div>\n\n\n\n<hr class=\"wp-block-separator has-alpha-channel-opacity is-style-wide\"\/>\n\n\n\n<div class=\"wp-block-columns is-layout-flex wp-container-57\">\n<div class=\"wp-block-column is-layout-flow\">\n<p>Rep\u010d\u00edkov\u00e1 Eva Mgr.<\/p>\n<\/div>\n\n\n\n<div class=\"wp-block-column is-layout-flow\">\n<p>repcikova@logopaed.cz <\/p>\n\n\n\n<p><strong>St &#8211; prvn\u00ed v m\u011bs\u00edci &#8211; 9. 00 &#8211; 10. 00h<\/strong><\/p>\n<\/div>\n<\/div>\n\n\n\n<hr class=\"wp-block-separator has-alpha-channel-opacity is-style-wide\"\/>\n\n\n\n<div class=\"wp-block-columns is-layout-flex wp-container-60\">\n<div class=\"wp-block-column is-layout-flow\">\n<p>\u0158ez\u00e1\u010dov\u00e1 Dana Mgr.<\/p>\n<\/div>\n\n\n\n<div class=\"wp-block-column is-layout-flow\">\n<p>rezacova@logopaed.cz <\/p>\n\n\n\n<p><strong>P\u00e1<\/strong> &#8211; prvn\u00ed v m\u011bs\u00edci &#8211;<strong> 8. 50 &#8211; 9. 50h<\/strong><\/p>\n<\/div>\n<\/div>\n\n\n\n<hr class=\"wp-block-separator has-alpha-channel-opacity is-style-wide\"\/>\n\n\n\n<div class=\"wp-block-columns is-layout-flex wp-container-63\">\n<div class=\"wp-block-column is-layout-flow\">\n<p>\u0160\u00edpkov\u00e1 Jitka Mgr.<\/p>\n<\/div>\n\n\n\n<div class=\"wp-block-column is-layout-flow\">\n<p>sipkova@logopaed.cz <\/p>\n\n\n\n<p><strong>St<\/strong> &#8211; prvn\u00ed v m\u011bs\u00edci &#8211; <strong>7. 00 &#8211; 8. 00h<\/strong><\/p>\n<\/div>\n<\/div>\n\n\n\n<hr class=\"wp-block-separator has-alpha-channel-opacity is-style-wide\"\/>\n\n\n\n<div class=\"wp-block-columns is-layout-flex wp-container-66\">\n<div class=\"wp-block-column is-layout-flow\">\n<p>\u0160ustrov\u00e1 Anna Mgr.<\/p>\n<\/div>\n\n\n\n<div class=\"wp-block-column is-layout-flow\">\n<p>sustrova@logopaed.cz <\/p>\n\n\n\n<p><strong>\u010ct &#8211; prvn\u00ed v m\u011bs\u00edci &#8211; 12. 00 &#8211; 13. 00h<\/strong><\/p>\n<\/div>\n<\/div>\n\n\n\n<hr class=\"wp-block-separator has-alpha-channel-opacity is-style-wide\"\/>\n\n\n\n<div class=\"wp-block-columns is-layout-flex wp-container-69\">\n<div class=\"wp-block-column is-layout-flow\">\n<p>Tes\u00e1kov\u00e1 Jana Mgr.<\/p>\n<\/div>\n\n\n\n<div class=\"wp-block-column is-layout-flow\">\n<p>tesakova@logopaed.cz <\/p>\n\n\n\n<p><strong>St<\/strong> &#8211; prvn\u00ed v m\u011bs\u00edci &#8211; <strong>7. 00 &#8211; 8. 00h<\/strong><\/p>\n<\/div>\n<\/div>\n\n\n\n<hr class=\"wp-block-separator has-alpha-channel-opacity is-style-wide\"\/>\n\n\n\n<p>       Vosk\u00e1rov\u00e1 Michaela Mgr.                                                                voskarova@logopaed.cz<\/p>\n\n\n\n<p>                                                                                                                       <strong>\u010ct<\/strong> &#8211; prvn\u00ed v m\u011bs\u00edci &#8211; 11.00 &#8211; 12.00h          <\/p>\n\n\n\n<hr class=\"wp-block-separator has-alpha-channel-opacity is-style-wide\"\/>\n\n\n\n<div class=\"wp-block-columns is-layout-flex wp-container-72\">\n<div class=\"wp-block-column is-layout-flow\">\n<p>Weisov\u00e1 Sabina Mgr.<\/p>\n<\/div>\n\n\n\n<div class=\"wp-block-column is-layout-flow\">\n<p>weisova@logopaed.cz<\/p>\n\n\n\n<p><strong>St<\/strong> &#8211; prvn\u00ed v m\u011bs\u00edci &#8211; <strong>7. 00 &#8211; 8. 00h<\/strong><\/p>\n<\/div>\n<\/div>\n\n\n\n<hr class=\"wp-block-separator has-alpha-channel-opacity is-style-wide\"\/>\n\n\n\n<div class=\"wp-block-columns is-layout-flex wp-container-75\">\n<div class=\"wp-block-column is-layout-flow\">\n<p>Z\u00e1bojov\u00e1 Ivona Mgr.<\/p>\n<\/div>\n\n\n\n<div class=\"wp-block-column is-layout-flow\">\n<p>zabojova@logopaed.cz <\/p>\n\n\n\n<p>Po &#8211; prvn\u00ed v m\u011bs\u00edci &#8211; <strong>12. 30 &#8211; 13. 30h<\/strong> <\/p>\n<\/div>\n<\/div>\n\n\n\n<hr class=\"wp-block-separator has-alpha-channel-opacity is-style-wide\"\/>\n\n\n\n<div class=\"wp-block-columns is-layout-flex wp-container-78\">\n<div class=\"wp-block-column is-layout-flow\">\n<p>Zatloukalov\u00e1 Hana Mgr.<\/p>\n<\/div>\n\n\n\n<div class=\"wp-block-column is-layout-flow\">\n<p>zatloukalova@logopaed.cz<\/p>\n\n\n\n<p><strong>St<\/strong> &#8211; prvn\u00ed v m\u011bs\u00edci &#8211; <strong>13. 00 &#8211; 14. 00h<\/strong><\/p>\n<\/div>\n<\/div>\n\n\n\n<hr class=\"wp-block-separator has-alpha-channel-opacity is-style-wide\"\/>\n\n\n\n<iframe src=\"https:\/\/www.google.com\/maps\/embed?pb=!1m18!1m12!1m3!1d914.3785142260011!2d17.23406142001318!3d49.592974363645006!2m3!1f0!2f0!3f0!3m2!1i1024!2i768!4f13.1!3m3!1m2!1s0x47124e57d9cdd7b3%3A0x3e3ba6bf0e6eba2a!2zWsOha2xhZG7DrSDFoWtvbGEgYSBNYXRlxZlza8OhIMWha29sYSBsb2dvcGVkaWNrw6E!5e0!3m2!1scs!2scz!4v1662471779714!5m2!1scs!2scz\" width=\"600\" height=\"450\" style=\"border:0;\" allowfullscreen=\"\" loading=\"lazy\" referrerpolicy=\"no-referrer-when-downgrade\"><\/iframe>\n<div class=\"gsp_post_data\" data-post_type=\"page\" data-cat=\"\" data-modified=\"120\" data-title=\"Kontakty, konzulta\u010dn\u00ed hodiny\" data-home=\"https:\/\/logopaed.cz\/home\"><\/div>","protected":false},"excerpt":{"rendered":"<p>konzulta\u010dn\u00ed hodiny budou realizov\u00e1ny v\u017edy po p\u0159edchoz\u00ed telefonick\u00e9 \u010di p\u00edsemn\u00e9 domluv\u011b Zam\u011bstnanec email Fetkov\u00e1 Lada Mgr. fetkova@logopaed.cz \u010ct &#8211; prvn\u00ed v m\u011bs\u00edci &#8211; 7. 00 &#8211; 8. 00h G\u0159e\u0161kov\u00e1 Martina Mgr. greskova@logopaed.cz \u010ct &#8211; prvn\u00ed v m\u011bs\u00edci &#8211; 11. 00 &#8211; 12. 00h Hamersk\u00e1 Martina Mgr. hamerska@logopaed.cz; St &#8211; prvn\u00ed v m\u011bs\u00edci &#8211; 7. 00 &#8211; 8. 00h Hanykov\u00e1 Petra Mgr. hanykova@logopaed.cz P\u00e1 &#8211; prvn\u00ed v m\u011bs\u00edci &#8211; 7. 00 &#8211; 8. 00h Hradilov\u00e1 Lenka Mgr. hradilova@logopaed.cz St &#8211; prvn\u00ed v m\u011bs\u00edci &#8211; 13. 00 [&hellip;]<\/p>\n","protected":false},"author":3,"featured_media":0,"parent":17,"menu_order":0,"comment_status":"closed","ping_status":"closed","template":"","meta":[],"folder":[],"blog_post_layout_featured_media_urls":{"thumbnail":"","full":""},"categories_names":null,"comments_number":0,"_links":{"self":[{"href":"https:\/\/logopaed.cz\/home\/wp-json\/wp\/v2\/pages\/1662"}],"collection":[{"href":"https:\/\/logopaed.cz\/home\/wp-json\/wp\/v2\/pages"}],"about":[{"href":"https:\/\/logopaed.cz\/home\/wp-json\/wp\/v2\/types\/page"}],"author":[{"embeddable":true,"href":"https:\/\/logopaed.cz\/home\/wp-json\/wp\/v2\/users\/3"}],"replies":[{"embeddable":true,"href":"https:\/\/logopaed.cz\/home\/wp-json\/wp\/v2\/comments?post=1662"}],"version-history":[{"count":22,"href":"https:\/\/logopaed.cz\/home\/wp-json\/wp\/v2\/pages\/1662\/revisions"}],"predecessor-version":[{"id":6432,"href":"https:\/\/logopaed.cz\/home\/wp-json\/wp\/v2\/pages\/1662\/revisions\/6432"}],"up":[{"embeddable":true,"href":"https:\/\/logopaed.cz\/home\/wp-json\/wp\/v2\/pages\/17"}],"wp:attachment":[{"href":"https:\/\/logopaed.cz\/home\/wp-json\/wp\/v2\/media?parent=1662"}],"wp:term":[{"taxonomy":"folder","embeddable":true,"href":"https:\/\/logopaed.cz\/home\/wp-json\/wp\/v2\/folder?post=1662"}],"curies":[{"name":"wp","href":"https:\/\/api.w.org\/{rel}","templated":true}]}}