{"id":1375,"date":"2022-09-01T15:29:07","date_gmt":"2022-09-01T15:29:07","guid":{"rendered":"http:\/\/logopaed.cz\/home\/?page_id=1375"},"modified":"2024-10-07T09:20:02","modified_gmt":"2024-10-07T09:20:02","slug":"ms-mosnerova","status":"publish","type":"page","link":"https:\/\/logopaed.cz\/home\/ms-mosnerova\/","title":{"rendered":"M\u0160 Mo\u0161nerova"},"content":{"rendered":"\n<p>Mate\u0159sk\u00e1 \u0161kola zaji\u0161\u0165uje celodenn\u00ed p\u00e9\u010di o d\u011bti se zdravotn\u00edm handicapem \u2013 p\u0159ev\u00e1\u017en\u011b poruchami hybnosti, poruchami intelektu, d\u011bti s kombinovan\u00fdmi vadami, o d\u011bti smyslov\u011b posti\u017een\u00e9, d\u011bti s naru\u0161enou komunika\u010dn\u00ed schopnost\u00ed nebo d\u011bti s r\u016fzn\u00fdmi zdravotn\u00edmi probl\u00e9my a komplikacemi projevuj\u00edc\u00edmi se v r\u016fzn\u00fdch oblastech psychomotorick\u00e9ho v\u00fdvoje. P\u0159ij\u00edm\u00e1ny jsou d\u011bti ve v\u011bku od 3 do 7 let z cel\u00e9ho Olomouck\u00e9ho kraje na z\u00e1klad\u011b \u017e\u00e1dosti z\u00e1konn\u00e9ho z\u00e1stupce a doporu\u010den\u00ed \u0161kolsk\u00e9ho poradensk\u00e9ho za\u0159\u00edzen\u00ed. Kapacita na\u0161eho za\u0159\u00edzen\u00ed je 25 d\u011bt\u00ed. D\u011bti jsou ve \u010dty\u0159ech t\u0159\u00edd\u00e1ch o po\u010dtu 5 \u2013 7 d\u011bt\u00ed. D\u011bti v jednotliv\u00fdch t\u0159\u00edd\u00e1ch jsou r\u016fzn\u00e9ho v\u011bku i posti\u017een\u00ed tak, aby ka\u017ed\u00e1 skupina p\u016fsobila vyrovnan\u011b a podn\u011btn\u011b a aby se da\u0159ilo co nejl\u00e9pe zvl\u00e1dat skupinovou a individu\u00e1ln\u00ed pr\u00e1ci. V ka\u017ed\u00e9 t\u0159\u00edd\u011b zaji\u0161\u0165uje v\u00fdchovn\u011b vzd\u011bl\u00e1vac\u00ed \u010dinnost speci\u00e1ln\u00ed pedagog za podpory  dvou asistent\u016f pedagoga. Zdravotnick\u00e9 \u00fakony zaji\u0161\u0165uje diplomovan\u00e1 sestra.<\/p>\n\n\n\n<div class=\"wp-block-media-text alignwide is-stacked-on-mobile\" style=\"grid-template-columns:31% auto\"><figure class=\"wp-block-media-text__media\"><img decoding=\"async\" loading=\"lazy\" width=\"768\" height=\"1024\" src=\"http:\/\/logopaed.cz\/wp-content\/uploads\/2022\/09\/IMG_20210423_144718-768x1024.jpg\" alt=\"\" class=\"wp-image-1914 size-full\" srcset=\"https:\/\/logopaed.cz\/wp-content\/uploads\/2022\/09\/IMG_20210423_144718-768x1024.jpg 768w, https:\/\/logopaed.cz\/wp-content\/uploads\/2022\/09\/IMG_20210423_144718-225x300.jpg 225w, https:\/\/logopaed.cz\/wp-content\/uploads\/2022\/09\/IMG_20210423_144718-1152x1536.jpg 1152w, https:\/\/logopaed.cz\/wp-content\/uploads\/2022\/09\/IMG_20210423_144718-1536x2048.jpg 1536w, https:\/\/logopaed.cz\/wp-content\/uploads\/2022\/09\/IMG_20210423_144718-scaled.jpg 1920w\" sizes=\"(max-width: 768px) 100vw, 768px\" \/><\/figure><div class=\"wp-block-media-text__content\">\n<p>Sou\u010d\u00e1st\u00ed vzd\u011bl\u00e1vac\u00ed nab\u00eddky jsou pravideln\u00e9 canisterapie, muzikoterapie, plav\u00e1n\u00ed v baz\u00e9nu rehabilita\u010dn\u00edho centra Elpis, n\u00e1v\u0161t\u011bvy divadel apod.&nbsp;Nov\u011b je v na\u0161\u00ed \u0161kolce vytvo\u0159en snoezelen koutek pro smyslovou stimulaci, relaxaci a realizaci prvk\u016f z konceptu Baz\u00e1ln\u00ed stimulace. Prostor zahrady je dopln\u011bn o smyslov\u00fd chodn\u00ed\u010dek \u201ebos\u00e1 stezka\u201c.<\/p>\n\n\n\n<figure class=\"wp-block-image size-large is-resized\"><img decoding=\"async\" loading=\"lazy\" src=\"http:\/\/logopaed.cz\/wp-content\/uploads\/2022\/09\/IMG_20210426_082741_resized_20210427_013829392-768x1024.jpg\" alt=\"\" class=\"wp-image-1916\" width=\"447\" height=\"595\" srcset=\"https:\/\/logopaed.cz\/wp-content\/uploads\/2022\/09\/IMG_20210426_082741_resized_20210427_013829392-768x1024.jpg 768w, https:\/\/logopaed.cz\/wp-content\/uploads\/2022\/09\/IMG_20210426_082741_resized_20210427_013829392-225x300.jpg 225w, https:\/\/logopaed.cz\/wp-content\/uploads\/2022\/09\/IMG_20210426_082741_resized_20210427_013829392-1152x1536.jpg 1152w, https:\/\/logopaed.cz\/wp-content\/uploads\/2022\/09\/IMG_20210426_082741_resized_20210427_013829392-1536x2048.jpg 1536w, https:\/\/logopaed.cz\/wp-content\/uploads\/2022\/09\/IMG_20210426_082741_resized_20210427_013829392.jpg 1728w\" sizes=\"(max-width: 447px) 100vw, 447px\" \/><\/figure>\n<\/div><\/div>\n\n\n\n<p>O \u0159e\u010dov\u00fd v\u00fdvoj d\u011bt\u00ed se star\u00e1 logoped za\u0159\u00edzen\u00ed. Komplexnost p\u00e9\u010de dopl\u0148uj\u00ed extern\u011b 2 psycholo\u017eky a pediatr. V oblasti poradenstv\u00ed spolupracujeme se:<\/p>\n\n\n\n<div class=\"wp-block-media-text alignwide has-media-on-the-right is-stacked-on-mobile\" style=\"grid-template-columns:auto 41%\"><div class=\"wp-block-media-text__content\">\n<ul>\n<li>Speci\u00e1ln\u00edm pedagogick\u00fdm centrem pro \u017e\u00e1ky s v\u00edce vadami v&nbsp;Mohelnici<\/li>\n\n\n\n<li>SPC pro sluchov\u011b posti\u017een\u00e9 Olomouc<\/li>\n\n\n\n<li>SPC pro d\u011bti s vadami \u0159e\u010di<\/li>\n\n\n\n<li>SPC Olomouck\u00e9ho kraje<\/li>\n\n\n\n<li>St\u0159edisky ran\u00e9 p\u00e9\u010de Olomouc<\/li>\n\n\n\n<li>JAN<\/li>\n\n\n\n<li>Za sklem<\/li>\n<\/ul>\n<\/div><figure class=\"wp-block-media-text__media\"><img decoding=\"async\" loading=\"lazy\" width=\"1024\" height=\"683\" src=\"http:\/\/logopaed.cz\/wp-content\/uploads\/2022\/09\/MSM-BG-O-01-1024x683.jpg\" alt=\"\" class=\"wp-image-1299 size-full\" srcset=\"https:\/\/logopaed.cz\/wp-content\/uploads\/2022\/09\/MSM-BG-O-01-1024x683.jpg 1024w, https:\/\/logopaed.cz\/wp-content\/uploads\/2022\/09\/MSM-BG-O-01-300x200.jpg 300w, https:\/\/logopaed.cz\/wp-content\/uploads\/2022\/09\/MSM-BG-O-01-768x512.jpg 768w, https:\/\/logopaed.cz\/wp-content\/uploads\/2022\/09\/MSM-BG-O-01-1536x1024.jpg 1536w, https:\/\/logopaed.cz\/wp-content\/uploads\/2022\/09\/MSM-BG-O-01-2048x1365.jpg 2048w\" sizes=\"(max-width: 1024px) 100vw, 1024px\" \/><\/figure><\/div>\n\n\n\n<p>Na doporu\u010den\u00ed l\u00e9ka\u0159e je d\u011btem denn\u011b poskytov\u00e1na rehabilitace 2 fyzioterapeutkami .<\/p>\n\n\n\n<p>Speci\u00e1ln\u00ed pedagogov\u00e9 jsou pro\u0161koleni v konceptu Baz\u00e1ln\u00ed stimulace a Snoezelen &#8211; MSE konceptu.<\/p>\n\n\n\n<p>Ned\u00edlnou, ne-li nejd\u016fle\u017eit\u011bj\u0161\u00ed sou\u010d\u00e1st\u00ed t\u00fdmu jsou rodi\u010de d\u011bt\u00ed. Rodi\u010de jsou v ka\u017edodenn\u00edm kontaktu se speci\u00e1ln\u00edm pedagogem, jsou metodicky vedeni, jak maj\u00ed s d\u011btmi doma pracovat. Vytv\u00e1\u0159\u00edme mo\u017enosti pro vz\u00e1jemn\u00e9 setk\u00e1v\u00e1n\u00ed rodi\u010d\u016f b\u011bhem n\u00e1mi po\u0159\u00e1dan\u00fdch odpoledn\u00edch akc\u00ed pro rodi\u010de s d\u011btmi. Hlavn\u00edm sponzorem na\u0161\u00ed mate\u0159sk\u00e9 \u0161koly, d\u00edky kter\u00e9mu financujeme tyto aktivity, po\u0159izujeme speci\u00e1ln\u00ed pom\u016fcky, vybaven\u00ed, kter\u00e9 podpo\u0159\u00ed a zkvalitn\u00ed pr\u00e1ci, je&nbsp;firma METECH V\u011brovany.<\/p>\n\n\n\n<p>Snahou v\u0161ech je vytv\u00e1\u0159en\u00ed t\u011bch nejlep\u0161\u00edch podm\u00ednek pro rozvoj ka\u017ed\u00e9ho d\u00edt\u011bte v r\u00e1mci jeho individu\u00e1ln\u00edch mo\u017enost\u00ed a pot\u0159eb. C\u00edlem je dosa\u017een\u00ed maxim\u00e1ln\u00ed samostatnosti v sebeobsluze a podpora element\u00e1rn\u00edch poznatk\u016f d\u011btsk\u00e9 problematiky, kter\u00e9 usnadn\u00ed d\u011btem vstup do \u0161koly a dal\u0161\u00edho \u017eivota.<\/p>\n\n\n\n<p class=\"has-text-align-center\"><strong>Z\u00e1pis d\u011bt\u00ed do M\u0160 prob\u00edh\u00e1 v pr\u016fb\u011bhu \u0161koln\u00edho roku (z\u00e1\u0159\u00ed-\u010derven) v\u017edy dopoledne do 12 hod.<\/strong> <\/p>\n\n\n\n<p class=\"has-text-align-center\"><strong>T\u011b\u0161\u00edme se na V\u00e1s!<\/strong><\/p>\n<div class=\"gsp_post_data\" data-post_type=\"page\" data-cat=\"\" data-modified=\"120\" data-title=\"M\u0160 Mo\u0161nerova\" data-home=\"https:\/\/logopaed.cz\/home\"><\/div>","protected":false},"excerpt":{"rendered":"<p>Mate\u0159sk\u00e1 \u0161kola zaji\u0161\u0165uje celodenn\u00ed p\u00e9\u010di o d\u011bti se zdravotn\u00edm handicapem \u2013 p\u0159ev\u00e1\u017en\u011b poruchami hybnosti, poruchami intelektu, d\u011bti s kombinovan\u00fdmi vadami, o d\u011bti smyslov\u011b posti\u017een\u00e9, d\u011bti s naru\u0161enou komunika\u010dn\u00ed schopnost\u00ed nebo d\u011bti s r\u016fzn\u00fdmi zdravotn\u00edmi probl\u00e9my a komplikacemi projevuj\u00edc\u00edmi se v r\u016fzn\u00fdch oblastech psychomotorick\u00e9ho v\u00fdvoje. P\u0159ij\u00edm\u00e1ny jsou d\u011bti ve v\u011bku od 3 do 7 let z cel\u00e9ho Olomouck\u00e9ho kraje na z\u00e1klad\u011b \u017e\u00e1dosti z\u00e1konn\u00e9ho z\u00e1stupce a doporu\u010den\u00ed \u0161kolsk\u00e9ho poradensk\u00e9ho za\u0159\u00edzen\u00ed. Kapacita na\u0161eho za\u0159\u00edzen\u00ed je 25 d\u011bt\u00ed. D\u011bti jsou ve \u010dty\u0159ech t\u0159\u00edd\u00e1ch o po\u010dtu 5 \u2013 7 d\u011bt\u00ed. [&hellip;]<\/p>\n","protected":false},"author":3,"featured_media":0,"parent":0,"menu_order":0,"comment_status":"closed","ping_status":"closed","template":"","meta":[],"folder":[],"blog_post_layout_featured_media_urls":{"thumbnail":"","full":""},"categories_names":null,"comments_number":0,"_links":{"self":[{"href":"https:\/\/logopaed.cz\/home\/wp-json\/wp\/v2\/pages\/1375"}],"collection":[{"href":"https:\/\/logopaed.cz\/home\/wp-json\/wp\/v2\/pages"}],"about":[{"href":"https:\/\/logopaed.cz\/home\/wp-json\/wp\/v2\/types\/page"}],"author":[{"embeddable":true,"href":"https:\/\/logopaed.cz\/home\/wp-json\/wp\/v2\/users\/3"}],"replies":[{"embeddable":true,"href":"https:\/\/logopaed.cz\/home\/wp-json\/wp\/v2\/comments?post=1375"}],"version-history":[{"count":16,"href":"https:\/\/logopaed.cz\/home\/wp-json\/wp\/v2\/pages\/1375\/revisions"}],"predecessor-version":[{"id":4387,"href":"https:\/\/logopaed.cz\/home\/wp-json\/wp\/v2\/pages\/1375\/revisions\/4387"}],"wp:attachment":[{"href":"https:\/\/logopaed.cz\/home\/wp-json\/wp\/v2\/media?parent=1375"}],"wp:term":[{"taxonomy":"folder","embeddable":true,"href":"https:\/\/logopaed.cz\/home\/wp-json\/wp\/v2\/folder?post=1375"}],"curies":[{"name":"wp","href":"https:\/\/api.w.org\/{rel}","templated":true}]}}