{"id":1364,"date":"2022-09-01T15:09:16","date_gmt":"2022-09-01T15:09:16","guid":{"rendered":"http:\/\/logopaed.cz\/home\/?page_id=1364"},"modified":"2026-04-13T06:34:08","modified_gmt":"2026-04-13T06:34:08","slug":"jidelna","status":"publish","type":"page","link":"https:\/\/logopaed.cz\/home\/jidelna\/","title":{"rendered":"J\u00eddelna"},"content":{"rendered":"\n<h2 class=\"wp-block-heading\"><strong>J\u00eddeln\u00ed\u010dek<\/strong><\/h2>\n\n\n\n<figure class=\"wp-block-image size-large is-resized\"><img decoding=\"async\" loading=\"lazy\" src=\"https:\/\/logopaed.cz\/wp-content\/uploads\/2026\/04\/jidelnicek-1-725x1024.jpg\" alt=\"\" class=\"wp-image-6515\" width=\"933\" height=\"1318\" srcset=\"https:\/\/logopaed.cz\/wp-content\/uploads\/2026\/04\/jidelnicek-1-725x1024.jpg 725w, https:\/\/logopaed.cz\/wp-content\/uploads\/2026\/04\/jidelnicek-1-212x300.jpg 212w, https:\/\/logopaed.cz\/wp-content\/uploads\/2026\/04\/jidelnicek-1-768x1085.jpg 768w, https:\/\/logopaed.cz\/wp-content\/uploads\/2026\/04\/jidelnicek-1-1087x1536.jpg 1087w, https:\/\/logopaed.cz\/wp-content\/uploads\/2026\/04\/jidelnicek-1.jpg 1241w\" sizes=\"(max-width: 933px) 100vw, 933px\" \/><\/figure>\n\n\n\n<figure class=\"wp-block-image size-large is-resized\"><img decoding=\"async\" loading=\"lazy\" src=\"https:\/\/logopaed.cz\/wp-content\/uploads\/2026\/04\/jidelnicek-6-725x1024.jpg\" alt=\"\" class=\"wp-image-6570\" width=\"936\" height=\"1322\" srcset=\"https:\/\/logopaed.cz\/wp-content\/uploads\/2026\/04\/jidelnicek-6-725x1024.jpg 725w, https:\/\/logopaed.cz\/wp-content\/uploads\/2026\/04\/jidelnicek-6-212x300.jpg 212w, https:\/\/logopaed.cz\/wp-content\/uploads\/2026\/04\/jidelnicek-6-768x1085.jpg 768w, https:\/\/logopaed.cz\/wp-content\/uploads\/2026\/04\/jidelnicek-6-1087x1536.jpg 1087w, https:\/\/logopaed.cz\/wp-content\/uploads\/2026\/04\/jidelnicek-6.jpg 1241w\" sizes=\"(max-width: 936px) 100vw, 936px\" \/><\/figure>\n\n\n\n<figure class=\"wp-block-image size-large is-resized\"><img decoding=\"async\" loading=\"lazy\" src=\"https:\/\/logopaed.cz\/wp-content\/uploads\/2026\/04\/jidelnicek-4-725x1024.jpg\" alt=\"\" class=\"wp-image-6567\" width=\"935\" height=\"1321\" srcset=\"https:\/\/logopaed.cz\/wp-content\/uploads\/2026\/04\/jidelnicek-4-725x1024.jpg 725w, https:\/\/logopaed.cz\/wp-content\/uploads\/2026\/04\/jidelnicek-4-212x300.jpg 212w, https:\/\/logopaed.cz\/wp-content\/uploads\/2026\/04\/jidelnicek-4-768x1085.jpg 768w, https:\/\/logopaed.cz\/wp-content\/uploads\/2026\/04\/jidelnicek-4-1087x1536.jpg 1087w, https:\/\/logopaed.cz\/wp-content\/uploads\/2026\/04\/jidelnicek-4.jpg 1241w\" sizes=\"(max-width: 935px) 100vw, 935px\" \/><\/figure>\n\n\n\n<h2 class=\"wp-block-heading\">ALERGENY<\/h2>\n\n\n\n<figure class=\"wp-block-table is-style-stripes\"><table><tbody><tr><td>01<\/td><td>Obiloviny obsahuj\u00edc\u00ed lepek<\/td><\/tr><tr><td>01a<\/td><td>Obiloviny &#8211; p\u0161enice<\/td><\/tr><tr><td>01b<\/td><td>Obiloviny &#8211; \u017eito<\/td><\/tr><tr><td>01c<\/td><td>Obiloviny &#8211; je\u010dmen<\/td><\/tr><tr><td>03<\/td><td>Vejce<\/td><\/tr><tr><td>06<\/td><td>S\u00f3jov\u00e9 boby (s\u00f3ja)<\/td><\/tr><tr><td>07<\/td><td>Ml\u00e9ko<\/td><\/tr><tr><td>08<\/td><td>O\u0159echy, mandle, pist\u00e1cie<\/td><\/tr><tr><td>09<\/td><td>Celer<\/td><\/tr><tr><td>10<\/td><td>Ho\u0159\u010dice<\/td><\/tr><tr><td>11<\/td><td>Sezamov\u00e1 semena<\/td><\/tr><tr><td>13<\/td><td>Vl\u010d\u00ed bob<\/td><\/tr><\/tbody><\/table><\/figure>\n<div class=\"gsp_post_data\" data-post_type=\"page\" data-cat=\"\" data-modified=\"120\" data-title=\"J\u00eddelna\" data-home=\"https:\/\/logopaed.cz\/home\"><\/div>","protected":false},"excerpt":{"rendered":"<p>J\u00eddeln\u00ed\u010dek ALERGENY 01 Obiloviny obsahuj\u00edc\u00ed lepek 01a Obiloviny &#8211; p\u0161enice 01b Obiloviny &#8211; \u017eito 01c Obiloviny &#8211; je\u010dmen 03 Vejce 06 S\u00f3jov\u00e9 boby (s\u00f3ja) 07 Ml\u00e9ko 08 O\u0159echy, mandle, pist\u00e1cie 09 Celer 10 Ho\u0159\u010dice 11 Sezamov\u00e1 semena 13 Vl\u010d\u00ed bob<\/p>\n","protected":false},"author":3,"featured_media":0,"parent":0,"menu_order":0,"comment_status":"closed","ping_status":"closed","template":"","meta":[],"folder":[],"blog_post_layout_featured_media_urls":{"thumbnail":"","full":""},"categories_names":null,"comments_number":0,"_links":{"self":[{"href":"https:\/\/logopaed.cz\/home\/wp-json\/wp\/v2\/pages\/1364"}],"collection":[{"href":"https:\/\/logopaed.cz\/home\/wp-json\/wp\/v2\/pages"}],"about":[{"href":"https:\/\/logopaed.cz\/home\/wp-json\/wp\/v2\/types\/page"}],"author":[{"embeddable":true,"href":"https:\/\/logopaed.cz\/home\/wp-json\/wp\/v2\/users\/3"}],"replies":[{"embeddable":true,"href":"https:\/\/logopaed.cz\/home\/wp-json\/wp\/v2\/comments?post=1364"}],"version-history":[{"count":115,"href":"https:\/\/logopaed.cz\/home\/wp-json\/wp\/v2\/pages\/1364\/revisions"}],"predecessor-version":[{"id":6571,"href":"https:\/\/logopaed.cz\/home\/wp-json\/wp\/v2\/pages\/1364\/revisions\/6571"}],"wp:attachment":[{"href":"https:\/\/logopaed.cz\/home\/wp-json\/wp\/v2\/media?parent=1364"}],"wp:term":[{"taxonomy":"folder","embeddable":true,"href":"https:\/\/logopaed.cz\/home\/wp-json\/wp\/v2\/folder?post=1364"}],"curies":[{"name":"wp","href":"https:\/\/api.w.org\/{rel}","templated":true}]}}